{"id":819,"date":"2020-08-12T22:44:27","date_gmt":"2020-08-12T20:44:27","guid":{"rendered":"https:\/\/www.amirnasr.info\/?page_id=819"},"modified":"2025-04-15T11:16:24","modified_gmt":"2025-04-15T09:16:24","slug":"formationen","status":"publish","type":"page","link":"https:\/\/amirnasr.info\/de_de\/formationen\/","title":{"rendered":"Formationen"},"content":{"rendered":"<div class=\"wpb-content-wrapper\"><div      class=\"vc_row wpb_row section vc_row-fluid \" style=' text-align:left;'><div class=\" full_section_inner clearfix\"><div class=\"wpb_column vc_column_container vc_col-sm-12\"><div class=\"vc_column-inner\"><div class=\"wpb_wrapper\"><div class=\"vc_empty_space\"  style=\"height: 32px\" >\n\t<span class=\"vc_empty_space_inner\">\n\t\t<span class=\"empty_space_image\"  ><\/span>\n\t<\/span>\n<\/div>\n\t<div class=\"wpb_text_column wpb_content_element \">\n\t\t<div class=\"wpb_wrapper\">\n\t\t\t<h1 style=\"text-align: center;\">Formationen<\/h1>\n\n\t\t<\/div>\n\t<\/div><div class=\"vc_empty_space\"  style=\"height: 32px\" >\n\t<span class=\"vc_empty_space_inner\">\n\t\t<span class=\"empty_space_image\"  ><\/span>\n\t<\/span>\n<\/div><\/div><\/div><\/div><\/div><\/div><div   data-q_id=\"#Solo\"    class=\"vc_row wpb_row section vc_row-fluid  reverse_order\" style=' text-align:center;'><div class=\" full_section_inner clearfix\"><div class=\"wpb_column vc_column_container vc_col-sm-3\"><div class=\"vc_column-inner\"><div class=\"wpb_wrapper\">\n\t<div class=\"wpb_text_column wpb_content_element  grosser-text vc_custom_1741647756218\">\n\t\t<div class=\"wpb_wrapper\">\n\t\t\t<p style=\"text-align: right;\"><strong>Amir pur &#8211; Gitarre als Hintergrundmusik, internationales Repertoire, laid-back, ohne gro\u00dfe Showeffekte. Die perfekte Begleitung f\u00fcr jeden Anlass!<\/strong><\/p>\n\n\t\t<\/div>\n\t<\/div><a  itemprop=\"url\" href=\"\/solo\" target=\"_self\" data-hover-background-color=\"#0a0a0a\" data-hover-border-color=\"#0a0a0a\" data-hover-color=\"#ffffff\" class=\"qbutton  default\" style=\"color: #0a0a0a; border-color: #0a0a0a; \">mehr Infos<\/a><div class=\"vc_empty_space\"  style=\"height: 32px\" >\n\t<span class=\"vc_empty_space_inner\">\n\t\t<span class=\"empty_space_image\"  ><\/span>\n\t<\/span>\n<\/div><\/div><\/div><\/div><div class=\"wpb_column vc_column_container vc_col-sm-9\"><div class=\"vc_column-inner\"><div class=\"wpb_wrapper\"><div class=\"q_image_with_text_over\"><div class=\"shader\" ><\/div><img decoding=\"async\" itemprop=\"image\" src=\"https:\/\/amirnasr.info\/wp-content\/uploads\/2020\/08\/F63E57C9-BCBD-4B4C-A438-43B292D49198-e1598703419600.jpeg\" alt=\"\" \/><div class=\"text\"><table><tr><td><h3 class=\"caption no_icon\" style=\"font-size: 60px;\">SOLO<\/h3><\/td><\/tr><\/table><table><tr><td><div class=\"desc\">Amir pur &#8211; Gitarre vom Feinsten!<\/div><\/td><\/tr><\/table><\/div><\/div><\/div><\/div><\/div><\/div><\/div><div   data-q_id=\"#Duo\"    class=\"vc_row wpb_row section vc_row-fluid \" style=' text-align:center;'><div class=\" full_section_inner clearfix\"><div class=\"wpb_column vc_column_container vc_col-sm-8\"><div class=\"vc_column-inner\"><div class=\"wpb_wrapper\"><div class=\"q_image_with_text_over\"><div class=\"shader\" ><\/div><img decoding=\"async\" itemprop=\"image\" src=\"https:\/\/amirnasr.info\/wp-content\/uploads\/2025\/03\/YouTube-Banner.jpg\" alt=\"\" \/><div class=\"text\"><table><tr><td><h3 class=\"caption no_icon\" style=\"font-size: 60px;\">DUO<\/h3><\/td><\/tr><\/table><table><tr><td><div class=\"desc\">Erleben Sie die verschiedensten Kombinationen mit Begleitung der Gitarre. Egal ob Gesang, Bass, Saxophon oder auch in Kombination mit einem DJ!<\/div><\/td><\/tr><\/table><\/div><\/div><\/div><\/div><\/div><div class=\"wpb_column vc_column_container vc_col-sm-4\"><div class=\"vc_column-inner\"><div class=\"wpb_wrapper\">\n\t<div class=\"wpb_text_column wpb_content_element  grosser-text\">\n\t\t<div class=\"wpb_wrapper\">\n\t\t\t<h2 style=\"text-align: left;\">Gitarre &amp; Gesang \u2013 <a href=\"https:\/\/evermonics.com\/\">Evermonics<\/a><\/h2>\n<p style=\"text-align: left;\"><br data-start=\"29\" data-end=\"32\" \/>\u00a0Gitarre &amp; Saxophone <a href=\"https:\/\/www.youtube.com\/watch?v=mg45DjgYbJc\">Fragments of life<\/a> oder Gitarre &amp; Bass, die perfekte Kombination f\u00fcr jeden Anlass. Im <strong>Duo<\/strong> spielen wir Klassiker oder auch Modernes zu jedem Event. Egal ob Firmenfeier, Hochzeit oder auch zur Trauerfeier. Wir finden immer die passende musikalische Untermalung!<\/p>\n\n\t\t<\/div>\n\t<\/div><a  itemprop=\"url\" href=\"\/duo\" target=\"_self\" data-hover-background-color=\"#0a0a0a\" data-hover-border-color=\"#0a0a0a\" data-hover-color=\"#ffffff\" class=\"qbutton  default\" style=\"color: #0a0a0a; border-color: #0a0a0a; \">mehr Infos<\/a><div class=\"vc_empty_space\"  style=\"height: 32px\" >\n\t<span class=\"vc_empty_space_inner\">\n\t\t<span class=\"empty_space_image\"  ><\/span>\n\t<\/span>\n<\/div><\/div><\/div><\/div><\/div><\/div><div   data-q_id=\"#Trio\"    class=\"vc_row wpb_row section vc_row-fluid  reverse_order\" style=' text-align:center;'><div class=\" full_section_inner clearfix\"><div class=\"wpb_column vc_column_container vc_col-sm-3\"><div class=\"vc_column-inner\"><div class=\"wpb_wrapper\">\n\t<div class=\"wpb_text_column wpb_content_element  grosser-text vc_custom_1741679213244\">\n\t\t<div class=\"wpb_wrapper\">\n\t\t\t<p>&nbsp;<\/p>\n<p>&nbsp;<\/p>\n<p style=\"text-align: center;\">Unsere beliebteste Kombination f\u00fcr jeden Anlass. <a href=\"https:\/\/www.instagram.com\/p\/B9CoJn4qp6b\/\">Gitarre, Gesang &amp; Saxophon<\/a>. Ob Pop, \u00a0Jazz oder Soul, wir bieten Ihnen in dieser Kombination die beste Begleitung zu jeglichem Event. Falls Sie andere Trio-W\u00fcnsche haben kann ich auf mein gro\u00dfen Netzwerk an verschiedenen Musikern zur\u00fcckgreifen und Ihnen das Wunsch-Trio zusammenstellen.<\/p>\n<p>&nbsp;<\/p>\n<p>&nbsp;<\/p>\n\n\t\t<\/div>\n\t<\/div><a  itemprop=\"url\" href=\"\/trio\" target=\"_self\" data-hover-background-color=\"#0a0a0a\" data-hover-border-color=\"#0a0a0a\" data-hover-color=\"#ffffff\" class=\"qbutton  default\" style=\"color: #0a0a0a; border-color: #0a0a0a; \">mehr Infos<\/a><div class=\"vc_empty_space\"  style=\"height: 32px\" >\n\t<span class=\"vc_empty_space_inner\">\n\t\t<span class=\"empty_space_image\"  ><\/span>\n\t<\/span>\n<\/div><\/div><\/div><\/div><div class=\"wpb_column vc_column_container vc_col-sm-9\"><div class=\"vc_column-inner\"><div class=\"wpb_wrapper\"><div class=\"q_image_with_text_over\"><div class=\"shader\" ><\/div><img decoding=\"async\" itemprop=\"image\" src=\"https:\/\/amirnasr.info\/wp-content\/uploads\/2025\/04\/IMG_3029-scaled.jpg\" alt=\"\" \/><div class=\"text\"><table><tr><td><h3 class=\"caption no_icon\" style=\"font-size: 60px;\">TRIO<\/h3><\/td><\/tr><\/table><table><tr><td><div class=\"desc\">Perfekt f\u00fcr kleiner Firmenfeiern und Events welche eine etwas erweiterte musikalische Bandbreite w\u00fcnschen.<\/div><\/td><\/tr><\/table><\/div><\/div><\/div><\/div><\/div><\/div><\/div><div   data-q_id=\"#Band\"    class=\"vc_row wpb_row section vc_row-fluid \" style=' text-align:center;'><div class=\" full_section_inner clearfix\"><div class=\"wpb_column vc_column_container vc_col-sm-8\"><div class=\"vc_column-inner\"><div class=\"wpb_wrapper\"><div class=\"q_image_with_text_over\"><div class=\"shader\" ><\/div><img decoding=\"async\" itemprop=\"image\" src=\"https:\/\/amirnasr.info\/wp-content\/uploads\/2020\/08\/S6_Concert_120518_62-scaled.jpg\" alt=\"\" \/><div class=\"text\"><table><tr><td><h3 class=\"caption no_icon\" style=\"font-size: 60px;\">BAND<\/h3><\/td><\/tr><\/table><table><tr><td><div class=\"desc\">Das Komplettpaket<\/div><\/td><\/tr><\/table><\/div><\/div><\/div><\/div><\/div><div class=\"wpb_column vc_column_container vc_col-sm-4\"><div class=\"vc_column-inner\"><div class=\"wpb_wrapper\">\n\t<div class=\"wpb_text_column wpb_content_element  grosser-text vc_custom_1741679207130\">\n\t\t<div class=\"wpb_wrapper\">\n\t\t\t<p>&nbsp;<\/p>\n<p>&nbsp;<\/p>\n<p style=\"text-align: center;\">Das Komplettpaket. F\u00fcr gro\u00dfe Events oder Firmenfeiern. Party bis zum Morgen mit mir und anderen ausgew\u00e4hlten Profimusikern. Melden Sie sich und wir arrangieren die beste <a href=\"https:\/\/www.youtube.com\/watch?v=-Qt_K0bzYfo\">Band<\/a> &#8211; nur f\u00fcr Ihr Event.<\/p>\n<p>&nbsp;<\/p>\n<p>&nbsp;<\/p>\n\n\t\t<\/div>\n\t<\/div><a  itemprop=\"url\" href=\"\/band\" target=\"_self\" data-hover-background-color=\"#0a0a0a\" data-hover-border-color=\"#0a0a0a\" data-hover-color=\"#ffffff\" class=\"qbutton  default\" style=\"color: #0a0a0a; border-color: #0a0a0a; \">mehr Infos<\/a><div class=\"vc_empty_space\"  style=\"height: 32px\" >\n\t<span class=\"vc_empty_space_inner\">\n\t\t<span class=\"empty_space_image\"  ><\/span>\n\t<\/span>\n<\/div><\/div><\/div><\/div><\/div><\/div>\n<\/div>","protected":false},"excerpt":{"rendered":"Formationen Amir pur - Gitarre als Hintergrundmusik, internationales Repertoire, laid-back, ohne gro\u00dfe Showeffekte. Die perfekte Begleitung f\u00fcr jeden Anlass! mehr Infos SOLOAmir pur - Gitarre vom Feinsten!DUOErleben Sie die verschiedensten Kombinationen mit Begleitung der Gitarre. Egal ob Gesang, Bass, Saxophon oder auch in Kombination mit...","protected":false},"author":4,"featured_media":0,"parent":0,"menu_order":0,"comment_status":"closed","ping_status":"closed","template":"full_width.php","meta":{"footnotes":""},"class_list":["post-819","page","type-page","status-publish","hentry"],"yoast_head":"<!-- This site is optimized with the Yoast SEO plugin v27.3 - https:\/\/yoast.com\/product\/yoast-seo-wordpress\/ -->\n<title>Formationen - Amir Nasr<\/title>\n<meta name=\"robots\" content=\"index, follow, max-snippet:-1, max-image-preview:large, max-video-preview:-1\" \/>\n<link rel=\"canonical\" href=\"https:\/\/amirnasr.info\/de_de\/formationen\/\" \/>\n<meta property=\"og:locale\" content=\"de_DE\" \/>\n<meta property=\"og:type\" content=\"article\" \/>\n<meta property=\"og:title\" content=\"Formationen - Amir Nasr\" \/>\n<meta property=\"og:url\" content=\"https:\/\/amirnasr.info\/de_de\/formationen\/\" \/>\n<meta property=\"og:site_name\" content=\"Amir Nasr\" \/>\n<meta property=\"article:modified_time\" content=\"2025-04-15T09:16:24+00:00\" \/>\n<meta name=\"twitter:card\" content=\"summary_large_image\" \/>\n<meta name=\"twitter:label1\" content=\"Est. reading time\" \/>\n\t<meta name=\"twitter:data1\" content=\"3 minutes\" \/>\n<script type=\"application\/ld+json\" class=\"yoast-schema-graph\">{\"@context\":\"https:\\\/\\\/schema.org\",\"@graph\":[{\"@type\":\"WebPage\",\"@id\":\"https:\\\/\\\/amirnasr.info\\\/de_de\\\/formationen\\\/\",\"url\":\"https:\\\/\\\/amirnasr.info\\\/de_de\\\/formationen\\\/\",\"name\":\"Formationen - Amir Nasr\",\"isPartOf\":{\"@id\":\"https:\\\/\\\/amirnasr.info\\\/de_de\\\/#website\"},\"datePublished\":\"2020-08-12T20:44:27+00:00\",\"dateModified\":\"2025-04-15T09:16:24+00:00\",\"breadcrumb\":{\"@id\":\"https:\\\/\\\/amirnasr.info\\\/de_de\\\/formationen\\\/#breadcrumb\"},\"inLanguage\":\"de-DE\",\"potentialAction\":[{\"@type\":\"ReadAction\",\"target\":[\"https:\\\/\\\/amirnasr.info\\\/de_de\\\/formationen\\\/\"]}]},{\"@type\":\"BreadcrumbList\",\"@id\":\"https:\\\/\\\/amirnasr.info\\\/de_de\\\/formationen\\\/#breadcrumb\",\"itemListElement\":[{\"@type\":\"ListItem\",\"position\":1,\"name\":\"Startseite\",\"item\":\"https:\\\/\\\/amirnasr.info\\\/\"},{\"@type\":\"ListItem\",\"position\":2,\"name\":\"Formationen\"}]},{\"@type\":\"WebSite\",\"@id\":\"https:\\\/\\\/amirnasr.info\\\/de_de\\\/#website\",\"url\":\"https:\\\/\\\/amirnasr.info\\\/de_de\\\/\",\"name\":\"Amir Nasr\",\"description\":\"GITARRE, BARITON, KOMPOSITION, ARRANGEMENTS, FILM &amp; THEATERMUSIK\",\"publisher\":{\"@id\":\"https:\\\/\\\/amirnasr.info\\\/de_de\\\/#organization\"},\"potentialAction\":[{\"@type\":\"SearchAction\",\"target\":{\"@type\":\"EntryPoint\",\"urlTemplate\":\"https:\\\/\\\/amirnasr.info\\\/de_de\\\/?s={search_term_string}\"},\"query-input\":{\"@type\":\"PropertyValueSpecification\",\"valueRequired\":true,\"valueName\":\"search_term_string\"}}],\"inLanguage\":\"de-DE\"},{\"@type\":\"Organization\",\"@id\":\"https:\\\/\\\/amirnasr.info\\\/de_de\\\/#organization\",\"name\":\"Amir Nasr\",\"url\":\"https:\\\/\\\/amirnasr.info\\\/de_de\\\/\",\"logo\":{\"@type\":\"ImageObject\",\"inLanguage\":\"de-DE\",\"@id\":\"https:\\\/\\\/amirnasr.info\\\/de_de\\\/#\\\/schema\\\/logo\\\/image\\\/\",\"url\":\"https:\\\/\\\/i0.wp.com\\\/www.amirnasr.info\\\/wp-content\\\/uploads\\\/2020\\\/07\\\/Screenshot-at-Jul-23-13-39-40.png?fit=250%2C250&ssl=1\",\"contentUrl\":\"https:\\\/\\\/i0.wp.com\\\/www.amirnasr.info\\\/wp-content\\\/uploads\\\/2020\\\/07\\\/Screenshot-at-Jul-23-13-39-40.png?fit=250%2C250&ssl=1\",\"width\":250,\"height\":250,\"caption\":\"Amir Nasr\"},\"image\":{\"@id\":\"https:\\\/\\\/amirnasr.info\\\/de_de\\\/#\\\/schema\\\/logo\\\/image\\\/\"}}]}<\/script>\n<!-- \/ Yoast SEO plugin. -->","yoast_head_json":{"title":"Formationen - Amir Nasr","robots":{"index":"index","follow":"follow","max-snippet":"max-snippet:-1","max-image-preview":"max-image-preview:large","max-video-preview":"max-video-preview:-1"},"canonical":"https:\/\/amirnasr.info\/de_de\/formationen\/","og_locale":"de_DE","og_type":"article","og_title":"Formationen - Amir Nasr","og_url":"https:\/\/amirnasr.info\/de_de\/formationen\/","og_site_name":"Amir Nasr","article_modified_time":"2025-04-15T09:16:24+00:00","twitter_card":"summary_large_image","twitter_misc":{"Est. reading time":"3 minutes"},"schema":{"@context":"https:\/\/schema.org","@graph":[{"@type":"WebPage","@id":"https:\/\/amirnasr.info\/de_de\/formationen\/","url":"https:\/\/amirnasr.info\/de_de\/formationen\/","name":"Formationen - Amir Nasr","isPartOf":{"@id":"https:\/\/amirnasr.info\/de_de\/#website"},"datePublished":"2020-08-12T20:44:27+00:00","dateModified":"2025-04-15T09:16:24+00:00","breadcrumb":{"@id":"https:\/\/amirnasr.info\/de_de\/formationen\/#breadcrumb"},"inLanguage":"de-DE","potentialAction":[{"@type":"ReadAction","target":["https:\/\/amirnasr.info\/de_de\/formationen\/"]}]},{"@type":"BreadcrumbList","@id":"https:\/\/amirnasr.info\/de_de\/formationen\/#breadcrumb","itemListElement":[{"@type":"ListItem","position":1,"name":"Startseite","item":"https:\/\/amirnasr.info\/"},{"@type":"ListItem","position":2,"name":"Formationen"}]},{"@type":"WebSite","@id":"https:\/\/amirnasr.info\/de_de\/#website","url":"https:\/\/amirnasr.info\/de_de\/","name":"Amir Nasr","description":"GITARRE, BARITON, KOMPOSITION, ARRANGEMENTS, FILM &amp; THEATERMUSIK","publisher":{"@id":"https:\/\/amirnasr.info\/de_de\/#organization"},"potentialAction":[{"@type":"SearchAction","target":{"@type":"EntryPoint","urlTemplate":"https:\/\/amirnasr.info\/de_de\/?s={search_term_string}"},"query-input":{"@type":"PropertyValueSpecification","valueRequired":true,"valueName":"search_term_string"}}],"inLanguage":"de-DE"},{"@type":"Organization","@id":"https:\/\/amirnasr.info\/de_de\/#organization","name":"Amir Nasr","url":"https:\/\/amirnasr.info\/de_de\/","logo":{"@type":"ImageObject","inLanguage":"de-DE","@id":"https:\/\/amirnasr.info\/de_de\/#\/schema\/logo\/image\/","url":"https:\/\/i0.wp.com\/www.amirnasr.info\/wp-content\/uploads\/2020\/07\/Screenshot-at-Jul-23-13-39-40.png?fit=250%2C250&ssl=1","contentUrl":"https:\/\/i0.wp.com\/www.amirnasr.info\/wp-content\/uploads\/2020\/07\/Screenshot-at-Jul-23-13-39-40.png?fit=250%2C250&ssl=1","width":250,"height":250,"caption":"Amir Nasr"},"image":{"@id":"https:\/\/amirnasr.info\/de_de\/#\/schema\/logo\/image\/"}}]}},"_links":{"self":[{"href":"https:\/\/amirnasr.info\/de_de\/wp-json\/wp\/v2\/pages\/819","targetHints":{"allow":["GET"]}}],"collection":[{"href":"https:\/\/amirnasr.info\/de_de\/wp-json\/wp\/v2\/pages"}],"about":[{"href":"https:\/\/amirnasr.info\/de_de\/wp-json\/wp\/v2\/types\/page"}],"author":[{"embeddable":true,"href":"https:\/\/amirnasr.info\/de_de\/wp-json\/wp\/v2\/users\/4"}],"replies":[{"embeddable":true,"href":"https:\/\/amirnasr.info\/de_de\/wp-json\/wp\/v2\/comments?post=819"}],"version-history":[{"count":75,"href":"https:\/\/amirnasr.info\/de_de\/wp-json\/wp\/v2\/pages\/819\/revisions"}],"predecessor-version":[{"id":1878,"href":"https:\/\/amirnasr.info\/de_de\/wp-json\/wp\/v2\/pages\/819\/revisions\/1878"}],"wp:attachment":[{"href":"https:\/\/amirnasr.info\/de_de\/wp-json\/wp\/v2\/media?parent=819"}],"curies":[{"name":"wp","href":"https:\/\/api.w.org\/{rel}","templated":true}]}}