{"id":5,"date":"2020-08-04T21:00:18","date_gmt":"2020-08-04T19:00:18","guid":{"rendered":"http:\/\/www.amirnasr.info\/?page_id=5"},"modified":"2025-03-10T22:44:59","modified_gmt":"2025-03-10T20:44:59","slug":"ueber-mich","status":"publish","type":"page","link":"https:\/\/amirnasr.info\/de_de\/ueber-mich\/","title":{"rendered":"\u00dcber mich"},"content":{"rendered":"<div class=\"wpb-content-wrapper\"><div      class=\"vc_row wpb_row section vc_row-fluid \" style=' text-align:left;'><div class=\" full_section_inner clearfix\"><div class=\"wpb_column vc_column_container vc_col-sm-12\"><div class=\"vc_column-inner vc_custom_1597222044095\"><div class=\"wpb_wrapper\">\n\t<div class=\"wpb_text_column wpb_content_element  grosser-text\">\n\t\t<div class=\"wpb_wrapper\">\n\t\t\t<h1 style=\"text-align: center;\">\u00a0<\/h1>\n<p style=\"text-align: center;\">\n<h3 style=\"text-align: center;\">AMIR NASR<\/h3>\n<p style=\"text-align: center;\">\n<p>&nbsp;<\/p>\n<p style=\"text-align: center;\">\n<h2 style=\"text-align: center;\"><em>GITARRE,\u00a0<\/em>\u00a0<em>KLAVIER, KOMPOSITION, ARRANGEMENTS, FILM &amp; THEATERMUSIK<\/em><\/h2>\n<p>&nbsp;<\/p>\n<p><strong>Ausbildungen<\/strong><\/p>\n<ul>\n<li>Seit Oktober 2024 Hofa College Karlsdorf | Deutschland, Tontechnik-Fernkurs Audio Engineering.<\/li>\n<li>2021-2022 Hofa College Karlsdorf | Deutschland, Tontechnik-Fernkurs Audio Assistent.<\/li>\n<li>2005-2009 ArtEZ Conservatorium Arnheim | Niederlande, Jazz &amp; Pop Bachelor Abschluss.<\/li>\n<li>2000-2004 Moscow state university of art &amp; culture | Dirigent Jazz&amp;Pop Orchester<\/li>\n<li>1999-2000 Soureh Musikuniversit\u00e4t Teheran | Iran<\/li>\n<li>1994-1998 Soureh Musikgymnasium Teheran | Iran<\/li>\n<\/ul>\n<p><strong>Workshops:<\/strong><\/p>\n<p>John Abercrombie, Scott Henderson, Joe Lovano, Marcus Miller, Randy Brecker, Bert Joris, Ineke van Doorn, Marc van Vugt, Maarten van der Grinten.<\/p>\n<p><strong>Berufliche T\u00e4tigkeiten<\/strong><\/p>\n<ul>\n<li>Seit 2025 <a href=\"https:\/\/evermonics.com\">evermonics<\/a>: Gitarrist, Produzent<\/li>\n<li>Seit 2022 Solo Projekt: Komponist, Gitarrist, Keyboarder, Produzent<\/li>\n<li>2014-2024 Melarima Duo: Songwriter, Arrangeur, Gitarrist<\/li>\n<li>2009-2014 Fragments of Life: Komponist, Bariton Gitarrist |\u00a0<strong>Finalist Leverkusener Jazz-Tage 2013<\/strong><\/li>\n<li>2007-2014 Amir Nasr Quintet: Komponist, Bandleiter und Gitarrist <strong>Finalist East of Eastern Jazz-Festival 2008 Nijmegen |NL, Finalist Jazz Prix-Festival M\u00fcnchen | DE<\/strong><\/li>\n<\/ul>\n<p><strong>Theater und Film Projekte<\/strong><\/p>\n<ul>\n<li>2021 Kurzfilm &#8220;Maries K\u00fchlschrank&#8221;, Drehbuch Autor und Regisseur: Mohammad Ali Karimkhani- Komponist und Produzent<\/li>\n<li>2020 Kurzfilm &#8220;Siebzehn Uhr f\u00fcnfundvierzig&#8221;,\u00a0Drehbuch Autor und Regisseur: Mohammad Ali Karimkhani- Komponist und Pianist | <strong>Gewinner des Preises im Wettbewerb des Deutschen Generationenpreises in Berlin | DE<\/strong><\/li>\n<li>2015 Theaterprojekt &#8221; Hiatus, Regie: Ana Zirner- Komponist und Gitarrist<\/li>\n<li>2012-2013 Theaterprojekt &#8221; Wo ist meine Stimme&#8221;, Regie: Ana Zirner- Komponist und Gitarrist<\/li>\n<li>2011-2012 Theaterprojekt &#8221; Fr\u00fchling und Hoffnung&#8221;, Regie: Ana Zirner- Komponist und Gitarrist | <strong>Gewinner des Folkwang Preises<\/strong><\/li>\n<\/ul>\n<p><strong>Ver\u00f6ffentlichungen\/Diskografie<\/strong><\/p>\n<p style=\"text-align: center;\">\n<p style=\"text-align: center;\">\n<p style=\"text-align: center;\">\n<ul>\n<li>Cover &#8220;Halt mich&#8221; Melarima Duo erschien im Dezember 2020<\/li>\n<li>Cover &#8220;Junimond&#8221; Melarima Duo erschien im Oktober 2020<\/li>\n<li>Cover &#8220;Froh dabei zu sein&#8221; Melarima Duo erschien im September 2020<\/li>\n<li>Single &#8220;Zwei zusammen&#8221; Melarima Duo erschien im April 2020<\/li>\n<li>Single &#8220;Wo bist Du&#8221; Melarima Duo erschien im M\u00e4rz 2019<\/li>\n<li>Single &#8220;F\u00fchl mal&#8221; Melarima Duo erschien im Dezember 2017<\/li>\n<li>Cover &#8220;Ohne Dich&#8221; Melarima Duo erschien im Dezember 2016<\/li>\n<li>Fragments of Life CD, Label: Meta Records, Erscheinungsdatum 9. November 2012<\/li>\n<li>Memories of Tehran, Label: Mahriz Records, CD Erscheinen 2011<\/li>\n<\/ul>\n\n\t\t<\/div>\n\t<\/div><\/div><\/div><\/div><\/div><\/div><div      class=\"vc_row wpb_row section vc_row-fluid \" style=' text-align:left;'><div class=\" full_section_inner clearfix\"><div class=\"wpb_column vc_column_container vc_col-sm-12\"><div class=\"vc_column-inner\"><div class=\"wpb_wrapper\"><div class=\"vc_empty_space\"  style=\"height: 100px\" >\n\t<span class=\"vc_empty_space_inner\">\n\t\t<span class=\"empty_space_image\"  ><\/span>\n\t<\/span>\n<\/div><div class='qode_image_gallery_no_space light'>\n            <div class='qode_image_gallery_holder' style='height: 400px;'>\n                <ul ><li >\n                    <div style=\"height: 400px; width:400px;\"><img decoding=\"async\" itemprop=\"image\" src=\"https:\/\/amirnasr.info\/wp-content\/uploads\/2020\/08\/Zeichenfla\u0308che-1-Kopie-10.jpeg\" alt=\"\" \/><\/div><\/li><li >\n                    <div style=\"height: 400px; width:394px;\"><img decoding=\"async\" itemprop=\"image\" src=\"https:\/\/amirnasr.info\/wp-content\/uploads\/2020\/08\/DigiPack_Booklet-S1.jpg\" alt=\"\" \/><\/div><\/li><li >\n                    <div style=\"height: 400px; width:396px;\"><img decoding=\"async\" itemprop=\"image\" src=\"https:\/\/amirnasr.info\/wp-content\/uploads\/2020\/08\/IMG_9183.jpg\" alt=\"\" \/><\/div><\/li><li >\n                    <div style=\"height: 400px; width:400px;\"><img decoding=\"async\" itemprop=\"image\" src=\"https:\/\/amirnasr.info\/wp-content\/uploads\/2020\/08\/UOLO7060.jpeg\" alt=\"\" \/><\/div><\/li><li >\n                    <div style=\"height: 400px; width:397px;\"><img decoding=\"async\" itemprop=\"image\" src=\"https:\/\/amirnasr.info\/wp-content\/uploads\/2020\/08\/IMG_3953.jpeg\" alt=\"\" \/><\/div><\/li><\/ul>\n          <\/div>\n          <div class='controls'>\n              <a class='prev-slide' href='#'><span><i class='fa fa-angle-left'><\/i><\/span><\/a>\n              <a class='next-slide' href='#'><span><i class='fa fa-angle-right'><\/i><\/span><\/a>\n          <\/div>\n      <\/div><\/div><\/div><\/div><\/div><\/div><\/div>","protected":false},"excerpt":{"rendered":"\u00a0 AMIR NASR &nbsp; GITARRE,\u00a0\u00a0KLAVIER, KOMPOSITION, ARRANGEMENTS, FILM &amp; THEATERMUSIK &nbsp; Ausbildungen Seit Oktober 2024 Hofa College Karlsdorf | Deutschland, Tontechnik-Fernkurs Audio Engineering. 2021-2022 Hofa College Karlsdorf | Deutschland, Tontechnik-Fernkurs Audio Assistent. 2005-2009 ArtEZ Conservatorium Arnheim | Niederlande, Jazz &amp; Pop Bachelor Abschluss. 2000-2004 Moscow...","protected":false},"author":4,"featured_media":0,"parent":0,"menu_order":0,"comment_status":"open","ping_status":"closed","template":"full_width.php","meta":{"footnotes":""},"class_list":["post-5","page","type-page","status-publish","hentry"],"yoast_head":"<!-- This site is optimized with the Yoast SEO plugin v27.4 - https:\/\/yoast.com\/product\/yoast-seo-wordpress\/ -->\n<title>\u00dcber mich - Amir Nasr<\/title>\n<meta name=\"description\" content=\"\u00dcber mich - Entdecken Sie mehr \u00fcber mich, meine musikalische Laufbahn und meine Erfahrungen in der Musikbranche!\" \/>\n<meta name=\"robots\" content=\"index, follow, max-snippet:-1, max-image-preview:large, max-video-preview:-1\" \/>\n<link rel=\"canonical\" href=\"https:\/\/amirnasr.info\/de_de\/ueber-mich\/\" \/>\n<meta property=\"og:locale\" content=\"de_DE\" \/>\n<meta property=\"og:type\" content=\"article\" \/>\n<meta property=\"og:title\" content=\"\u00dcber mich - Amir Nasr\" \/>\n<meta property=\"og:description\" content=\"\u00dcber mich - Entdecken Sie mehr \u00fcber mich, meine musikalische Laufbahn und meine Erfahrungen in der Musikbranche!\" \/>\n<meta property=\"og:url\" content=\"https:\/\/amirnasr.info\/de_de\/ueber-mich\/\" \/>\n<meta property=\"og:site_name\" content=\"Amir Nasr\" \/>\n<meta property=\"article:modified_time\" content=\"2025-03-10T20:44:59+00:00\" \/>\n<meta name=\"twitter:card\" content=\"summary_large_image\" \/>\n<meta name=\"twitter:label1\" content=\"Est. reading time\" \/>\n\t<meta name=\"twitter:data1\" content=\"3 minutes\" \/>\n<script type=\"application\/ld+json\" class=\"yoast-schema-graph\">{\"@context\":\"https:\\\/\\\/schema.org\",\"@graph\":[{\"@type\":\"WebPage\",\"@id\":\"https:\\\/\\\/amirnasr.info\\\/de_de\\\/ueber-mich\\\/\",\"url\":\"https:\\\/\\\/amirnasr.info\\\/de_de\\\/ueber-mich\\\/\",\"name\":\"\u00dcber mich - Amir Nasr\",\"isPartOf\":{\"@id\":\"https:\\\/\\\/amirnasr.info\\\/de_de\\\/#website\"},\"datePublished\":\"2020-08-04T19:00:18+00:00\",\"dateModified\":\"2025-03-10T20:44:59+00:00\",\"description\":\"\u00dcber mich - Entdecken Sie mehr \u00fcber mich, meine musikalische Laufbahn und meine Erfahrungen in der Musikbranche!\",\"breadcrumb\":{\"@id\":\"https:\\\/\\\/amirnasr.info\\\/de_de\\\/ueber-mich\\\/#breadcrumb\"},\"inLanguage\":\"de-DE\",\"potentialAction\":[{\"@type\":\"ReadAction\",\"target\":[\"https:\\\/\\\/amirnasr.info\\\/de_de\\\/ueber-mich\\\/\"]}]},{\"@type\":\"BreadcrumbList\",\"@id\":\"https:\\\/\\\/amirnasr.info\\\/de_de\\\/ueber-mich\\\/#breadcrumb\",\"itemListElement\":[{\"@type\":\"ListItem\",\"position\":1,\"name\":\"Startseite\",\"item\":\"https:\\\/\\\/amirnasr.info\\\/\"},{\"@type\":\"ListItem\",\"position\":2,\"name\":\"\u00dcber mich\"}]},{\"@type\":\"WebSite\",\"@id\":\"https:\\\/\\\/amirnasr.info\\\/de_de\\\/#website\",\"url\":\"https:\\\/\\\/amirnasr.info\\\/de_de\\\/\",\"name\":\"Amir Nasr\",\"description\":\"GITARRE, BARITON, KOMPOSITION, ARRANGEMENTS, FILM &amp; THEATERMUSIK\",\"publisher\":{\"@id\":\"https:\\\/\\\/amirnasr.info\\\/de_de\\\/#organization\"},\"potentialAction\":[{\"@type\":\"SearchAction\",\"target\":{\"@type\":\"EntryPoint\",\"urlTemplate\":\"https:\\\/\\\/amirnasr.info\\\/de_de\\\/?s={search_term_string}\"},\"query-input\":{\"@type\":\"PropertyValueSpecification\",\"valueRequired\":true,\"valueName\":\"search_term_string\"}}],\"inLanguage\":\"de-DE\"},{\"@type\":\"Organization\",\"@id\":\"https:\\\/\\\/amirnasr.info\\\/de_de\\\/#organization\",\"name\":\"Amir Nasr\",\"url\":\"https:\\\/\\\/amirnasr.info\\\/de_de\\\/\",\"logo\":{\"@type\":\"ImageObject\",\"inLanguage\":\"de-DE\",\"@id\":\"https:\\\/\\\/amirnasr.info\\\/de_de\\\/#\\\/schema\\\/logo\\\/image\\\/\",\"url\":\"https:\\\/\\\/i0.wp.com\\\/www.amirnasr.info\\\/wp-content\\\/uploads\\\/2020\\\/07\\\/Screenshot-at-Jul-23-13-39-40.png?fit=250%2C250&ssl=1\",\"contentUrl\":\"https:\\\/\\\/i0.wp.com\\\/www.amirnasr.info\\\/wp-content\\\/uploads\\\/2020\\\/07\\\/Screenshot-at-Jul-23-13-39-40.png?fit=250%2C250&ssl=1\",\"width\":250,\"height\":250,\"caption\":\"Amir Nasr\"},\"image\":{\"@id\":\"https:\\\/\\\/amirnasr.info\\\/de_de\\\/#\\\/schema\\\/logo\\\/image\\\/\"}}]}<\/script>\n<!-- \/ Yoast SEO plugin. -->","yoast_head_json":{"title":"\u00dcber mich - Amir Nasr","description":"\u00dcber mich - Entdecken Sie mehr \u00fcber mich, meine musikalische Laufbahn und meine Erfahrungen in der Musikbranche!","robots":{"index":"index","follow":"follow","max-snippet":"max-snippet:-1","max-image-preview":"max-image-preview:large","max-video-preview":"max-video-preview:-1"},"canonical":"https:\/\/amirnasr.info\/de_de\/ueber-mich\/","og_locale":"de_DE","og_type":"article","og_title":"\u00dcber mich - Amir Nasr","og_description":"\u00dcber mich - Entdecken Sie mehr \u00fcber mich, meine musikalische Laufbahn und meine Erfahrungen in der Musikbranche!","og_url":"https:\/\/amirnasr.info\/de_de\/ueber-mich\/","og_site_name":"Amir Nasr","article_modified_time":"2025-03-10T20:44:59+00:00","twitter_card":"summary_large_image","twitter_misc":{"Est. reading time":"3 minutes"},"schema":{"@context":"https:\/\/schema.org","@graph":[{"@type":"WebPage","@id":"https:\/\/amirnasr.info\/de_de\/ueber-mich\/","url":"https:\/\/amirnasr.info\/de_de\/ueber-mich\/","name":"\u00dcber mich - Amir Nasr","isPartOf":{"@id":"https:\/\/amirnasr.info\/de_de\/#website"},"datePublished":"2020-08-04T19:00:18+00:00","dateModified":"2025-03-10T20:44:59+00:00","description":"\u00dcber mich - Entdecken Sie mehr \u00fcber mich, meine musikalische Laufbahn und meine Erfahrungen in der Musikbranche!","breadcrumb":{"@id":"https:\/\/amirnasr.info\/de_de\/ueber-mich\/#breadcrumb"},"inLanguage":"de-DE","potentialAction":[{"@type":"ReadAction","target":["https:\/\/amirnasr.info\/de_de\/ueber-mich\/"]}]},{"@type":"BreadcrumbList","@id":"https:\/\/amirnasr.info\/de_de\/ueber-mich\/#breadcrumb","itemListElement":[{"@type":"ListItem","position":1,"name":"Startseite","item":"https:\/\/amirnasr.info\/"},{"@type":"ListItem","position":2,"name":"\u00dcber mich"}]},{"@type":"WebSite","@id":"https:\/\/amirnasr.info\/de_de\/#website","url":"https:\/\/amirnasr.info\/de_de\/","name":"Amir Nasr","description":"GITARRE, BARITON, KOMPOSITION, ARRANGEMENTS, FILM &amp; THEATERMUSIK","publisher":{"@id":"https:\/\/amirnasr.info\/de_de\/#organization"},"potentialAction":[{"@type":"SearchAction","target":{"@type":"EntryPoint","urlTemplate":"https:\/\/amirnasr.info\/de_de\/?s={search_term_string}"},"query-input":{"@type":"PropertyValueSpecification","valueRequired":true,"valueName":"search_term_string"}}],"inLanguage":"de-DE"},{"@type":"Organization","@id":"https:\/\/amirnasr.info\/de_de\/#organization","name":"Amir Nasr","url":"https:\/\/amirnasr.info\/de_de\/","logo":{"@type":"ImageObject","inLanguage":"de-DE","@id":"https:\/\/amirnasr.info\/de_de\/#\/schema\/logo\/image\/","url":"https:\/\/i0.wp.com\/www.amirnasr.info\/wp-content\/uploads\/2020\/07\/Screenshot-at-Jul-23-13-39-40.png?fit=250%2C250&ssl=1","contentUrl":"https:\/\/i0.wp.com\/www.amirnasr.info\/wp-content\/uploads\/2020\/07\/Screenshot-at-Jul-23-13-39-40.png?fit=250%2C250&ssl=1","width":250,"height":250,"caption":"Amir Nasr"},"image":{"@id":"https:\/\/amirnasr.info\/de_de\/#\/schema\/logo\/image\/"}}]}},"_links":{"self":[{"href":"https:\/\/amirnasr.info\/de_de\/wp-json\/wp\/v2\/pages\/5","targetHints":{"allow":["GET"]}}],"collection":[{"href":"https:\/\/amirnasr.info\/de_de\/wp-json\/wp\/v2\/pages"}],"about":[{"href":"https:\/\/amirnasr.info\/de_de\/wp-json\/wp\/v2\/types\/page"}],"author":[{"embeddable":true,"href":"https:\/\/amirnasr.info\/de_de\/wp-json\/wp\/v2\/users\/4"}],"replies":[{"embeddable":true,"href":"https:\/\/amirnasr.info\/de_de\/wp-json\/wp\/v2\/comments?post=5"}],"version-history":[{"count":73,"href":"https:\/\/amirnasr.info\/de_de\/wp-json\/wp\/v2\/pages\/5\/revisions"}],"predecessor-version":[{"id":1865,"href":"https:\/\/amirnasr.info\/de_de\/wp-json\/wp\/v2\/pages\/5\/revisions\/1865"}],"wp:attachment":[{"href":"https:\/\/amirnasr.info\/de_de\/wp-json\/wp\/v2\/media?parent=5"}],"curies":[{"name":"wp","href":"https:\/\/api.w.org\/{rel}","templated":true}]}}