{"id":412,"date":"2020-08-04T22:44:28","date_gmt":"2020-08-04T20:44:28","guid":{"rendered":"https:\/\/www.amirnasr.info\/?page_id=412"},"modified":"2024-04-17T16:31:21","modified_gmt":"2024-04-17T14:31:21","slug":"blog","status":"publish","type":"page","link":"https:\/\/amirnasr.info\/de_de\/blog\/","title":{"rendered":"Blog &#8211; News"},"content":{"rendered":"<div class=\"wpb-content-wrapper\"><div      class=\"vc_row wpb_row section vc_row-fluid \" style=' text-align:left;'><div class=\" full_section_inner clearfix\"><div class=\"wpb_column vc_column_container vc_col-sm-12\"><div class=\"vc_column-inner\"><div class=\"wpb_wrapper\"><div class=\"q_image_with_text_over\"><div class=\"shader\" ><\/div><img decoding=\"async\" itemprop=\"image\" src=\"https:\/\/amirnasr.info\/wp-content\/uploads\/2020\/08\/20200303_Melarima_2006_V2.jpeg\" alt=\"Amir Nasr Panorama\" \/><div class=\"text\"><table><tr><td><h3 class=\"caption no_icon\" style=\"font-size: 30px;\">Amirs Musikecke \u2013 Neue T\u00f6ne direkt aus der Quelle<\/h3><\/td><\/tr><\/table><table><tr><td><div class=\"desc\">Amirs Musikecke \u2013 Neue T\u00f6ne direkt aus der Quelle<\/div><\/td><\/tr><\/table><\/div><\/div><div class='q_masonry_blog'><div class=\"q_masonry_blog_grid_sizer\"><\/div><div class=\"q_masonry_blog_grid_gutter\"><\/div><article class=\"post-1645 post type-post status-publish format-standard has-post-thumbnail hentry category-nicht-kategorisiert-de\"><div class=\"q_masonry_blog_post_image\"><a itemprop=\"url\" href=\"https:\/\/amirnasr.info\/de_de\/fuerteventura-lofi-track-neue-veroeffentlichung\/\" target=\"_self\"><img decoding=\"async\" itemprop=\"image\" src=\"https:\/\/amirnasr.info\/wp-content\/uploads\/2024\/04\/fureteventura.jpg\" alt=\"\" \/><\/a><\/div><div class=\"q_masonry_blog_post_text\"><h5 itemprop=\"name\" class=\"q_masonry_blog_title entry_title\"><a itemprop=\"url\" href=\"https:\/\/amirnasr.info\/de_de\/fuerteventura-lofi-track-neue-veroeffentlichung\/\">Fuerteventura &#8211; Lofi Track &#8211; Neue Ver\u00f6ffentlichung 20 M\u00e4rz 2024<\/a><\/h5><p itemprop=\"description\" class=\"q_masonry_blog_excerpt\">Der Song Furteventura ist ein Instrumental-Song und wurde auf Fuerteventura zustande gekommen. Das Genre ist Loft. Der Song soll entspannte Stimmung machen.\u00a0 Emotionen:&nbsp; Fuerteventura soll die H\u00f6rer an die Insel Fuerteventura erinnern und f\u00fcr die, die noch nicht auf der Insel waren, sch\u00f6ne entspannte Zeit......<\/p><div class=\"q_masonry_blog_post_info\"><span itemprop=\"dateCreated\" class=\"time entry_date updated\">17 April, 2024<meta itemprop=\"interactionCount\" content=\"UserComments:0\"\/><\/span> \/ <a itemprop=\"url\" class=\"post_comments\" href=\"https:\/\/amirnasr.info\/de_de\/fuerteventura-lofi-track-neue-veroeffentlichung\/#respond\">No comment<\/a><\/div><\/div><\/article><article class=\"post-1718 post type-post status-publish format-standard has-post-thumbnail hentry category-nicht-kategorisiert-de\"><div class=\"q_masonry_blog_post_image\"><a itemprop=\"url\" href=\"https:\/\/amirnasr.info\/de_de\/rovinj-akustisch-gitarrentrack-neue-veroeffentlichung-30-april-2024\/\" target=\"_self\"><img decoding=\"async\" itemprop=\"image\" src=\"https:\/\/amirnasr.info\/wp-content\/uploads\/2024\/05\/rovinj-.jpg\" alt=\"\" \/><\/a><\/div><div class=\"q_masonry_blog_post_text\"><h5 itemprop=\"name\" class=\"q_masonry_blog_title entry_title\"><a itemprop=\"url\" href=\"https:\/\/amirnasr.info\/de_de\/rovinj-akustisch-gitarrentrack-neue-veroeffentlichung-30-april-2024\/\">Rovinj \u2013 Akustisch GitarrenTRACK \u2013 NEUE VER\u00d6FFENTLICHUNG 30 April 2024<\/a><\/h5><p itemprop=\"description\" class=\"q_masonry_blog_excerpt\">&#8220;Rovinj&#8221; ist ein ausdrucksvolles instrumentales Gitarrenst\u00fcck, das durch seine sanften Melodien und harmonischen Akkorde eine friedvolle Atmosph\u00e4re erschafft. Die subtilen Klangstrukturen und die ruhige Dynamik des St\u00fccks laden zum Entspannen und Verweilen ein und machen es zur idealen musikalischen Untermalung f\u00fcr Caf\u00e9s oder zum Einsatz......<\/p><div class=\"q_masonry_blog_post_info\"><span itemprop=\"dateCreated\" class=\"time entry_date updated\">14 May, 2024<meta itemprop=\"interactionCount\" content=\"UserComments:0\"\/><\/span> \/ <a itemprop=\"url\" class=\"post_comments\" href=\"https:\/\/amirnasr.info\/de_de\/rovinj-akustisch-gitarrentrack-neue-veroeffentlichung-30-april-2024\/#respond\">No comment<\/a><\/div><\/div><\/article><\/div><\/div><\/div><\/div><\/div><\/div>\n<\/div>","protected":false},"excerpt":{"rendered":"\"Rovinj\" ist ein ausdrucksvolles instrumentales Gitarrenst\u00fcck, das durch seine sanften Melodien und harmonischen Akkorde eine friedvolle Atmosph\u00e4re erschafft. Die subtilen Klangstrukturen und die ruhige Dynamik des St\u00fccks laden zum Entspannen und Verweilen ein und machen es zur idealen musikalischen Untermalung f\u00fcr Caf\u00e9s oder zum Einsatz...","protected":false},"author":4,"featured_media":0,"parent":0,"menu_order":0,"comment_status":"closed","ping_status":"closed","template":"full_width.php","meta":{"footnotes":""},"class_list":["post-412","page","type-page","status-publish","hentry"],"yoast_head":"<!-- This site is optimized with the Yoast SEO plugin v27.3 - https:\/\/yoast.com\/product\/yoast-seo-wordpress\/ -->\n<title>Blog - News - Amir Nasr<\/title>\n<meta name=\"robots\" content=\"index, follow, max-snippet:-1, max-image-preview:large, max-video-preview:-1\" \/>\n<link rel=\"canonical\" href=\"https:\/\/amirnasr.info\/de_de\/blog\/\" \/>\n<meta property=\"og:locale\" content=\"de_DE\" \/>\n<meta property=\"og:type\" content=\"article\" \/>\n<meta property=\"og:title\" content=\"Blog - News - Amir Nasr\" \/>\n<meta property=\"og:url\" content=\"https:\/\/amirnasr.info\/de_de\/blog\/\" \/>\n<meta property=\"og:site_name\" content=\"Amir Nasr\" \/>\n<meta property=\"article:modified_time\" content=\"2024-04-17T14:31:21+00:00\" \/>\n<meta name=\"twitter:card\" content=\"summary_large_image\" \/>\n<script type=\"application\/ld+json\" class=\"yoast-schema-graph\">{\"@context\":\"https:\\\/\\\/schema.org\",\"@graph\":[{\"@type\":\"WebPage\",\"@id\":\"https:\\\/\\\/amirnasr.info\\\/de_de\\\/blog\\\/\",\"url\":\"https:\\\/\\\/amirnasr.info\\\/de_de\\\/blog\\\/\",\"name\":\"Blog - News - Amir Nasr\",\"isPartOf\":{\"@id\":\"https:\\\/\\\/amirnasr.info\\\/de_de\\\/#website\"},\"datePublished\":\"2020-08-04T20:44:28+00:00\",\"dateModified\":\"2024-04-17T14:31:21+00:00\",\"breadcrumb\":{\"@id\":\"https:\\\/\\\/amirnasr.info\\\/de_de\\\/blog\\\/#breadcrumb\"},\"inLanguage\":\"de-DE\",\"potentialAction\":[{\"@type\":\"ReadAction\",\"target\":[\"https:\\\/\\\/amirnasr.info\\\/de_de\\\/blog\\\/\"]}]},{\"@type\":\"BreadcrumbList\",\"@id\":\"https:\\\/\\\/amirnasr.info\\\/de_de\\\/blog\\\/#breadcrumb\",\"itemListElement\":[{\"@type\":\"ListItem\",\"position\":1,\"name\":\"Startseite\",\"item\":\"https:\\\/\\\/amirnasr.info\\\/\"},{\"@type\":\"ListItem\",\"position\":2,\"name\":\"Blog &#8211; News\"}]},{\"@type\":\"WebSite\",\"@id\":\"https:\\\/\\\/amirnasr.info\\\/de_de\\\/#website\",\"url\":\"https:\\\/\\\/amirnasr.info\\\/de_de\\\/\",\"name\":\"Amir Nasr\",\"description\":\"GITARRE, BARITON, KOMPOSITION, ARRANGEMENTS, FILM &amp; THEATERMUSIK\",\"publisher\":{\"@id\":\"https:\\\/\\\/amirnasr.info\\\/de_de\\\/#organization\"},\"potentialAction\":[{\"@type\":\"SearchAction\",\"target\":{\"@type\":\"EntryPoint\",\"urlTemplate\":\"https:\\\/\\\/amirnasr.info\\\/de_de\\\/?s={search_term_string}\"},\"query-input\":{\"@type\":\"PropertyValueSpecification\",\"valueRequired\":true,\"valueName\":\"search_term_string\"}}],\"inLanguage\":\"de-DE\"},{\"@type\":\"Organization\",\"@id\":\"https:\\\/\\\/amirnasr.info\\\/de_de\\\/#organization\",\"name\":\"Amir Nasr\",\"url\":\"https:\\\/\\\/amirnasr.info\\\/de_de\\\/\",\"logo\":{\"@type\":\"ImageObject\",\"inLanguage\":\"de-DE\",\"@id\":\"https:\\\/\\\/amirnasr.info\\\/de_de\\\/#\\\/schema\\\/logo\\\/image\\\/\",\"url\":\"https:\\\/\\\/i0.wp.com\\\/www.amirnasr.info\\\/wp-content\\\/uploads\\\/2020\\\/07\\\/Screenshot-at-Jul-23-13-39-40.png?fit=250%2C250&ssl=1\",\"contentUrl\":\"https:\\\/\\\/i0.wp.com\\\/www.amirnasr.info\\\/wp-content\\\/uploads\\\/2020\\\/07\\\/Screenshot-at-Jul-23-13-39-40.png?fit=250%2C250&ssl=1\",\"width\":250,\"height\":250,\"caption\":\"Amir Nasr\"},\"image\":{\"@id\":\"https:\\\/\\\/amirnasr.info\\\/de_de\\\/#\\\/schema\\\/logo\\\/image\\\/\"}}]}<\/script>\n<!-- \/ Yoast SEO plugin. -->","yoast_head_json":{"title":"Blog - News - Amir Nasr","robots":{"index":"index","follow":"follow","max-snippet":"max-snippet:-1","max-image-preview":"max-image-preview:large","max-video-preview":"max-video-preview:-1"},"canonical":"https:\/\/amirnasr.info\/de_de\/blog\/","og_locale":"de_DE","og_type":"article","og_title":"Blog - News - Amir Nasr","og_url":"https:\/\/amirnasr.info\/de_de\/blog\/","og_site_name":"Amir Nasr","article_modified_time":"2024-04-17T14:31:21+00:00","twitter_card":"summary_large_image","schema":{"@context":"https:\/\/schema.org","@graph":[{"@type":"WebPage","@id":"https:\/\/amirnasr.info\/de_de\/blog\/","url":"https:\/\/amirnasr.info\/de_de\/blog\/","name":"Blog - News - Amir Nasr","isPartOf":{"@id":"https:\/\/amirnasr.info\/de_de\/#website"},"datePublished":"2020-08-04T20:44:28+00:00","dateModified":"2024-04-17T14:31:21+00:00","breadcrumb":{"@id":"https:\/\/amirnasr.info\/de_de\/blog\/#breadcrumb"},"inLanguage":"de-DE","potentialAction":[{"@type":"ReadAction","target":["https:\/\/amirnasr.info\/de_de\/blog\/"]}]},{"@type":"BreadcrumbList","@id":"https:\/\/amirnasr.info\/de_de\/blog\/#breadcrumb","itemListElement":[{"@type":"ListItem","position":1,"name":"Startseite","item":"https:\/\/amirnasr.info\/"},{"@type":"ListItem","position":2,"name":"Blog &#8211; News"}]},{"@type":"WebSite","@id":"https:\/\/amirnasr.info\/de_de\/#website","url":"https:\/\/amirnasr.info\/de_de\/","name":"Amir Nasr","description":"GITARRE, BARITON, KOMPOSITION, ARRANGEMENTS, FILM &amp; THEATERMUSIK","publisher":{"@id":"https:\/\/amirnasr.info\/de_de\/#organization"},"potentialAction":[{"@type":"SearchAction","target":{"@type":"EntryPoint","urlTemplate":"https:\/\/amirnasr.info\/de_de\/?s={search_term_string}"},"query-input":{"@type":"PropertyValueSpecification","valueRequired":true,"valueName":"search_term_string"}}],"inLanguage":"de-DE"},{"@type":"Organization","@id":"https:\/\/amirnasr.info\/de_de\/#organization","name":"Amir Nasr","url":"https:\/\/amirnasr.info\/de_de\/","logo":{"@type":"ImageObject","inLanguage":"de-DE","@id":"https:\/\/amirnasr.info\/de_de\/#\/schema\/logo\/image\/","url":"https:\/\/i0.wp.com\/www.amirnasr.info\/wp-content\/uploads\/2020\/07\/Screenshot-at-Jul-23-13-39-40.png?fit=250%2C250&ssl=1","contentUrl":"https:\/\/i0.wp.com\/www.amirnasr.info\/wp-content\/uploads\/2020\/07\/Screenshot-at-Jul-23-13-39-40.png?fit=250%2C250&ssl=1","width":250,"height":250,"caption":"Amir Nasr"},"image":{"@id":"https:\/\/amirnasr.info\/de_de\/#\/schema\/logo\/image\/"}}]}},"_links":{"self":[{"href":"https:\/\/amirnasr.info\/de_de\/wp-json\/wp\/v2\/pages\/412","targetHints":{"allow":["GET"]}}],"collection":[{"href":"https:\/\/amirnasr.info\/de_de\/wp-json\/wp\/v2\/pages"}],"about":[{"href":"https:\/\/amirnasr.info\/de_de\/wp-json\/wp\/v2\/types\/page"}],"author":[{"embeddable":true,"href":"https:\/\/amirnasr.info\/de_de\/wp-json\/wp\/v2\/users\/4"}],"replies":[{"embeddable":true,"href":"https:\/\/amirnasr.info\/de_de\/wp-json\/wp\/v2\/comments?post=412"}],"version-history":[{"count":10,"href":"https:\/\/amirnasr.info\/de_de\/wp-json\/wp\/v2\/pages\/412\/revisions"}],"predecessor-version":[{"id":1641,"href":"https:\/\/amirnasr.info\/de_de\/wp-json\/wp\/v2\/pages\/412\/revisions\/1641"}],"wp:attachment":[{"href":"https:\/\/amirnasr.info\/de_de\/wp-json\/wp\/v2\/media?parent=412"}],"curies":[{"name":"wp","href":"https:\/\/api.w.org\/{rel}","templated":true}]}}