{"id":1312,"date":"2023-05-28T20:57:13","date_gmt":"2023-05-28T18:57:13","guid":{"rendered":"https:\/\/www.amirnasr.info\/?page_id=1312"},"modified":"2025-03-10T22:02:40","modified_gmt":"2025-03-10T20:02:40","slug":"hochzeiten","status":"publish","type":"page","link":"https:\/\/amirnasr.info\/de_de\/hochzeiten\/","title":{"rendered":"Hochzeiten"},"content":{"rendered":"<div class=\"wpb-content-wrapper\"><div      class=\"vc_row wpb_row section vc_row-fluid \" style=' text-align:left;'><div class=\" full_section_inner clearfix\"><div class=\"wpb_column vc_column_container vc_col-sm-12\"><div class=\"vc_column-inner\"><div class=\"wpb_wrapper\">\n\t<div class=\"wpb_text_column wpb_content_element \">\n\t\t<div class=\"wpb_wrapper\">\n\t\t\t<h1 style=\"text-align: center;\">Hochzeiten<\/h1>\n\n\t\t<\/div>\n\t<\/div><\/div><\/div><\/div><\/div><\/div><div      class=\"vc_row wpb_row section vc_row-fluid \" style=' text-align:left;'><div class=\" full_section_inner clearfix\"><div class=\"wpb_column vc_column_container vc_col-sm-12\"><div class=\"vc_column-inner\"><div class=\"wpb_wrapper\">\n\t<div class=\"wpb_text_column wpb_content_element  grosser-text\">\n\t\t<div class=\"wpb_wrapper\">\n\t\t\t<p style=\"text-align: center;\"><strong>Der sch\u00f6nste Tag<\/strong> in Ihrem Leben, untermalt vom Soundtrack der Liebe. Ob beim Gang zum Traualtar, zum <strong>Sektempfang<\/strong> am Nachmittag, zum feierlichen<strong> Dinner<\/strong> am Abend oder zur<strong> Party<\/strong> in der Nacht \u2013 ich orchestriere jeden Ihrer Momente mit der besten musikalischen Besetzung.<\/p>\n<p style=\"text-align: center;\">Dabei arbeite ich mit Herz und Seele sowie absoluter Zuverl\u00e4ssigkeit, damit Sie sich entspannen und den Tag voll und ganz genie\u00dfen k\u00f6nnen.<\/p>\n\n\t\t<\/div>\n\t<\/div><div class=\"vc_empty_space\"  style=\"height: 32px\" >\n\t<span class=\"vc_empty_space_inner\">\n\t\t<span class=\"empty_space_image\"  ><\/span>\n\t<\/span>\n<\/div><\/div><\/div><\/div><\/div><\/div><div      class=\"vc_row wpb_row section vc_row-fluid \" style=' text-align:left;'><div class=\" full_section_inner clearfix\"><div class=\"wpb_column vc_column_container vc_col-sm-12\"><div class=\"vc_column-inner\"><div class=\"wpb_wrapper\">\n\t<div class=\"wpb_video_widget wpb_content_element vc_clearfix   vc_video-aspect-ratio-169 vc_video-el-width-100 vc_video-align-left\" >\n\t\t<div class=\"wpb_wrapper\">\n\t\t\t\n\t\t\t<div class=\"wpb_video_wrapper\"><iframe loading=\"lazy\" title=\"Entspannte Gitarrenkl\u00e4nge bei einem Event\" width=\"500\" height=\"281\" src=\"https:\/\/www.youtube.com\/embed\/h7TzusQ3WKM?feature=oembed\" frameborder=\"0\" allow=\"accelerometer; autoplay; clipboard-write; encrypted-media; gyroscope; picture-in-picture; web-share\" referrerpolicy=\"strict-origin-when-cross-origin\" allowfullscreen><\/iframe><\/div>\n\t\t<\/div>\n\t<\/div>\n<div class=\"vc_empty_space\"  style=\"height: 32px\" >\n\t<span class=\"vc_empty_space_inner\">\n\t\t<span class=\"empty_space_image\"  ><\/span>\n\t<\/span>\n<\/div><\/div><\/div><\/div><\/div><\/div><div      class=\"vc_row wpb_row section vc_row-fluid \" style=' text-align:center;'><div class=\" full_section_inner clearfix\"><div class=\"wpb_column vc_column_container vc_col-sm-12\"><div class=\"vc_column-inner\"><div class=\"wpb_wrapper\"><a  itemprop=\"url\" href=\"\/kontakt\" target=\"_self\" data-hover-background-color=\"#e0e0e0\" data-hover-border-color=\"#0a0a0a\" class=\"qbutton  center default\" style=\"color: #0a0a0a; border-color: #0a0a0a; margin: 30px 30px 30px 30px; \">Unverbindliche Anfrage<\/a><\/div><\/div><\/div><\/div><\/div><div      class=\"vc_row wpb_row section vc_row-fluid \" style=' text-align:left;'><div class=\" full_section_inner clearfix\"><div class=\"wpb_column vc_column_container vc_col-sm-12\"><div class=\"vc_column-inner\"><div class=\"wpb_wrapper\"><div class='qode_image_gallery_no_space '>\n            <div class='qode_image_gallery_holder' style='height: 400px;'>\n                <ul ><li >\n                    <div style=\"height: 400px; width:601px;\"><img decoding=\"async\" itemprop=\"image\" src=\"https:\/\/amirnasr.info\/wp-content\/uploads\/2023\/07\/655474c8-8c36-4844-be86-86af2416e282.jpg\" alt=\"\" \/><\/div><\/li><li >\n                    <div style=\"height: 400px; width:601px;\"><img decoding=\"async\" itemprop=\"image\" src=\"https:\/\/amirnasr.info\/wp-content\/uploads\/2023\/07\/48687b71-06f6-44e5-a15c-1a50716b979f-2.jpg\" alt=\"\" \/><\/div><\/li><li >\n                    <div style=\"height: 400px; width:601px;\"><img decoding=\"async\" itemprop=\"image\" src=\"https:\/\/amirnasr.info\/wp-content\/uploads\/2023\/07\/7f9b4b88-d9e8-4106-983d-3088453b9d3a-2.jpg\" alt=\"\" \/><\/div><\/li><li >\n                    <div style=\"height: 400px; width:267px;\"><img decoding=\"async\" itemprop=\"image\" src=\"https:\/\/amirnasr.info\/wp-content\/uploads\/2023\/07\/8f0314af-b983-4739-a998-37b3f767cb12.jpg\" alt=\"\" \/><\/div><\/li><li >\n                    <div style=\"height: 400px; width:267px;\"><img decoding=\"async\" itemprop=\"image\" src=\"https:\/\/amirnasr.info\/wp-content\/uploads\/2023\/07\/1bc430dc-a6dc-4618-8dd0-85f92dba5547.jpg\" alt=\"\" \/><\/div><\/li><li >\n                    <div style=\"height: 400px; width:600px;\"><img decoding=\"async\" itemprop=\"image\" src=\"https:\/\/amirnasr.info\/wp-content\/uploads\/2020\/09\/f267ae83-b1f1-48d9-b1b7-ea46a39ffdf9-Kopie.jpg\" alt=\"\" \/><\/div><\/li><li >\n                    <div style=\"height: 400px; width:726px;\"><img decoding=\"async\" itemprop=\"image\" src=\"https:\/\/amirnasr.info\/wp-content\/uploads\/2020\/08\/F63E57C9-BCBD-4B4C-A438-43B292D49198-e1598703419600.jpeg\" alt=\"\" \/><\/div><\/li><li >\n                    <div style=\"height: 400px; width:600px;\"><img decoding=\"async\" itemprop=\"image\" src=\"https:\/\/amirnasr.info\/wp-content\/uploads\/2020\/08\/IMG_4907-scaled.jpeg\" alt=\"\" \/><\/div><\/li><li >\n                    <div style=\"height: 400px; width:267px;\"><img decoding=\"async\" itemprop=\"image\" src=\"https:\/\/amirnasr.info\/wp-content\/uploads\/2020\/08\/heike_moellers_photography_0885-1-e1598463234912.jpg\" alt=\"\" \/><\/div><\/li><\/ul>\n          <\/div>\n          <div class='controls'>\n              <a class='prev-slide' href='#'><span><i class='fa fa-angle-left'><\/i><\/span><\/a>\n              <a class='next-slide' href='#'><span><i class='fa fa-angle-right'><\/i><\/span><\/a>\n          <\/div>\n      <\/div><\/div><\/div><\/div><\/div><\/div>\n<\/div>","protected":false},"excerpt":{"rendered":"Hochzeiten Der sch\u00f6nste Tag in Ihrem Leben, untermalt vom Soundtrack der Liebe. Ob beim Gang zum Traualtar, zum Sektempfang am Nachmittag, zum feierlichen Dinner am Abend oder zur Party in der Nacht \u2013 ich orchestriere jeden Ihrer Momente mit der besten musikalischen Besetzung. Dabei arbeite...","protected":false},"author":5,"featured_media":0,"parent":0,"menu_order":0,"comment_status":"closed","ping_status":"closed","template":"","meta":{"footnotes":""},"class_list":["post-1312","page","type-page","status-publish","hentry"],"yoast_head":"<!-- This site is optimized with the Yoast SEO plugin v27.4 - https:\/\/yoast.com\/product\/yoast-seo-wordpress\/ -->\n<title>Hochzeiten - Amir Nasr<\/title>\n<meta name=\"robots\" content=\"index, follow, max-snippet:-1, max-image-preview:large, max-video-preview:-1\" \/>\n<link rel=\"canonical\" href=\"https:\/\/amirnasr.info\/de_de\/hochzeiten\/\" \/>\n<meta property=\"og:locale\" content=\"de_DE\" \/>\n<meta property=\"og:type\" content=\"article\" \/>\n<meta property=\"og:title\" content=\"Hochzeiten - Amir Nasr\" \/>\n<meta property=\"og:url\" content=\"https:\/\/amirnasr.info\/de_de\/hochzeiten\/\" \/>\n<meta property=\"og:site_name\" content=\"Amir Nasr\" \/>\n<meta property=\"article:modified_time\" content=\"2025-03-10T20:02:40+00:00\" \/>\n<meta name=\"twitter:card\" content=\"summary_large_image\" \/>\n<meta name=\"twitter:label1\" content=\"Est. reading time\" \/>\n\t<meta name=\"twitter:data1\" content=\"3 minutes\" \/>\n<script type=\"application\/ld+json\" class=\"yoast-schema-graph\">{\"@context\":\"https:\\\/\\\/schema.org\",\"@graph\":[{\"@type\":\"WebPage\",\"@id\":\"https:\\\/\\\/amirnasr.info\\\/de_de\\\/hochzeiten\\\/\",\"url\":\"https:\\\/\\\/amirnasr.info\\\/de_de\\\/hochzeiten\\\/\",\"name\":\"Hochzeiten - Amir Nasr\",\"isPartOf\":{\"@id\":\"https:\\\/\\\/amirnasr.info\\\/de_de\\\/#website\"},\"datePublished\":\"2023-05-28T18:57:13+00:00\",\"dateModified\":\"2025-03-10T20:02:40+00:00\",\"breadcrumb\":{\"@id\":\"https:\\\/\\\/amirnasr.info\\\/de_de\\\/hochzeiten\\\/#breadcrumb\"},\"inLanguage\":\"de-DE\",\"potentialAction\":[{\"@type\":\"ReadAction\",\"target\":[\"https:\\\/\\\/amirnasr.info\\\/de_de\\\/hochzeiten\\\/\"]}]},{\"@type\":\"BreadcrumbList\",\"@id\":\"https:\\\/\\\/amirnasr.info\\\/de_de\\\/hochzeiten\\\/#breadcrumb\",\"itemListElement\":[{\"@type\":\"ListItem\",\"position\":1,\"name\":\"Startseite\",\"item\":\"https:\\\/\\\/amirnasr.info\\\/\"},{\"@type\":\"ListItem\",\"position\":2,\"name\":\"Hochzeiten\"}]},{\"@type\":\"WebSite\",\"@id\":\"https:\\\/\\\/amirnasr.info\\\/de_de\\\/#website\",\"url\":\"https:\\\/\\\/amirnasr.info\\\/de_de\\\/\",\"name\":\"Amir Nasr\",\"description\":\"GITARRE, BARITON, KOMPOSITION, ARRANGEMENTS, FILM &amp; THEATERMUSIK\",\"publisher\":{\"@id\":\"https:\\\/\\\/amirnasr.info\\\/de_de\\\/#organization\"},\"potentialAction\":[{\"@type\":\"SearchAction\",\"target\":{\"@type\":\"EntryPoint\",\"urlTemplate\":\"https:\\\/\\\/amirnasr.info\\\/de_de\\\/?s={search_term_string}\"},\"query-input\":{\"@type\":\"PropertyValueSpecification\",\"valueRequired\":true,\"valueName\":\"search_term_string\"}}],\"inLanguage\":\"de-DE\"},{\"@type\":\"Organization\",\"@id\":\"https:\\\/\\\/amirnasr.info\\\/de_de\\\/#organization\",\"name\":\"Amir Nasr\",\"url\":\"https:\\\/\\\/amirnasr.info\\\/de_de\\\/\",\"logo\":{\"@type\":\"ImageObject\",\"inLanguage\":\"de-DE\",\"@id\":\"https:\\\/\\\/amirnasr.info\\\/de_de\\\/#\\\/schema\\\/logo\\\/image\\\/\",\"url\":\"https:\\\/\\\/i0.wp.com\\\/www.amirnasr.info\\\/wp-content\\\/uploads\\\/2020\\\/07\\\/Screenshot-at-Jul-23-13-39-40.png?fit=250%2C250&ssl=1\",\"contentUrl\":\"https:\\\/\\\/i0.wp.com\\\/www.amirnasr.info\\\/wp-content\\\/uploads\\\/2020\\\/07\\\/Screenshot-at-Jul-23-13-39-40.png?fit=250%2C250&ssl=1\",\"width\":250,\"height\":250,\"caption\":\"Amir Nasr\"},\"image\":{\"@id\":\"https:\\\/\\\/amirnasr.info\\\/de_de\\\/#\\\/schema\\\/logo\\\/image\\\/\"}}]}<\/script>\n<!-- \/ Yoast SEO plugin. -->","yoast_head_json":{"title":"Hochzeiten - Amir Nasr","robots":{"index":"index","follow":"follow","max-snippet":"max-snippet:-1","max-image-preview":"max-image-preview:large","max-video-preview":"max-video-preview:-1"},"canonical":"https:\/\/amirnasr.info\/de_de\/hochzeiten\/","og_locale":"de_DE","og_type":"article","og_title":"Hochzeiten - Amir Nasr","og_url":"https:\/\/amirnasr.info\/de_de\/hochzeiten\/","og_site_name":"Amir Nasr","article_modified_time":"2025-03-10T20:02:40+00:00","twitter_card":"summary_large_image","twitter_misc":{"Est. reading time":"3 minutes"},"schema":{"@context":"https:\/\/schema.org","@graph":[{"@type":"WebPage","@id":"https:\/\/amirnasr.info\/de_de\/hochzeiten\/","url":"https:\/\/amirnasr.info\/de_de\/hochzeiten\/","name":"Hochzeiten - Amir Nasr","isPartOf":{"@id":"https:\/\/amirnasr.info\/de_de\/#website"},"datePublished":"2023-05-28T18:57:13+00:00","dateModified":"2025-03-10T20:02:40+00:00","breadcrumb":{"@id":"https:\/\/amirnasr.info\/de_de\/hochzeiten\/#breadcrumb"},"inLanguage":"de-DE","potentialAction":[{"@type":"ReadAction","target":["https:\/\/amirnasr.info\/de_de\/hochzeiten\/"]}]},{"@type":"BreadcrumbList","@id":"https:\/\/amirnasr.info\/de_de\/hochzeiten\/#breadcrumb","itemListElement":[{"@type":"ListItem","position":1,"name":"Startseite","item":"https:\/\/amirnasr.info\/"},{"@type":"ListItem","position":2,"name":"Hochzeiten"}]},{"@type":"WebSite","@id":"https:\/\/amirnasr.info\/de_de\/#website","url":"https:\/\/amirnasr.info\/de_de\/","name":"Amir Nasr","description":"GITARRE, BARITON, KOMPOSITION, ARRANGEMENTS, FILM &amp; THEATERMUSIK","publisher":{"@id":"https:\/\/amirnasr.info\/de_de\/#organization"},"potentialAction":[{"@type":"SearchAction","target":{"@type":"EntryPoint","urlTemplate":"https:\/\/amirnasr.info\/de_de\/?s={search_term_string}"},"query-input":{"@type":"PropertyValueSpecification","valueRequired":true,"valueName":"search_term_string"}}],"inLanguage":"de-DE"},{"@type":"Organization","@id":"https:\/\/amirnasr.info\/de_de\/#organization","name":"Amir Nasr","url":"https:\/\/amirnasr.info\/de_de\/","logo":{"@type":"ImageObject","inLanguage":"de-DE","@id":"https:\/\/amirnasr.info\/de_de\/#\/schema\/logo\/image\/","url":"https:\/\/i0.wp.com\/www.amirnasr.info\/wp-content\/uploads\/2020\/07\/Screenshot-at-Jul-23-13-39-40.png?fit=250%2C250&ssl=1","contentUrl":"https:\/\/i0.wp.com\/www.amirnasr.info\/wp-content\/uploads\/2020\/07\/Screenshot-at-Jul-23-13-39-40.png?fit=250%2C250&ssl=1","width":250,"height":250,"caption":"Amir Nasr"},"image":{"@id":"https:\/\/amirnasr.info\/de_de\/#\/schema\/logo\/image\/"}}]}},"_links":{"self":[{"href":"https:\/\/amirnasr.info\/de_de\/wp-json\/wp\/v2\/pages\/1312","targetHints":{"allow":["GET"]}}],"collection":[{"href":"https:\/\/amirnasr.info\/de_de\/wp-json\/wp\/v2\/pages"}],"about":[{"href":"https:\/\/amirnasr.info\/de_de\/wp-json\/wp\/v2\/types\/page"}],"author":[{"embeddable":true,"href":"https:\/\/amirnasr.info\/de_de\/wp-json\/wp\/v2\/users\/5"}],"replies":[{"embeddable":true,"href":"https:\/\/amirnasr.info\/de_de\/wp-json\/wp\/v2\/comments?post=1312"}],"version-history":[{"count":12,"href":"https:\/\/amirnasr.info\/de_de\/wp-json\/wp\/v2\/pages\/1312\/revisions"}],"predecessor-version":[{"id":1845,"href":"https:\/\/amirnasr.info\/de_de\/wp-json\/wp\/v2\/pages\/1312\/revisions\/1845"}],"wp:attachment":[{"href":"https:\/\/amirnasr.info\/de_de\/wp-json\/wp\/v2\/media?parent=1312"}],"curies":[{"name":"wp","href":"https:\/\/api.w.org\/{rel}","templated":true}]}}