{"id":12,"date":"2020-08-04T21:00:42","date_gmt":"2020-08-04T19:00:42","guid":{"rendered":"http:\/\/www.amirnasr.info\/?page_id=12"},"modified":"2023-07-19T22:51:12","modified_gmt":"2023-07-19T20:51:12","slug":"kontakt","status":"publish","type":"page","link":"https:\/\/amirnasr.info\/de_de\/kontakt\/","title":{"rendered":"Kontakt"},"content":{"rendered":"<div class=\"wpb-content-wrapper\"><div      class=\"vc_row wpb_row section vc_row-fluid \" style=' text-align:left;'><div class=\" full_section_inner clearfix\"><div class=\"wpb_column vc_column_container vc_col-sm-12\"><div class=\"vc_column-inner\"><div class=\"wpb_wrapper\"><div class=\"q_image_with_text_over\"><div class=\"shader\" ><\/div><img decoding=\"async\" itemprop=\"image\" src=\"https:\/\/amirnasr.info\/wp-content\/uploads\/2020\/08\/20200303_Melarima_2006_V2.jpeg\" alt=\"Amir Nasr Panorama\" \/><div class=\"text\"><table><tr><td><i class=\"qode_icon_font_awesome fa fa-envelope icon_holder fa-3x\" style=\"\" ><\/i><h3 class=\"caption \" style=\"\">Kontakt<\/h3><\/td><\/tr><\/table><table><tr><td><div class=\"desc\"><\/p>\n<h4 style=\"text-align: center;\">Tragen Sie sich in das Formular ein, um eine unverbindliche Anfrage zu stellen. Je ausf\u00fchrlicher und pr\u00e4ziser Ihre Angaben sind, desto schneller kann ich Ihnen Ihr unverbindliches Angebot erstellen.<\/h4>\n<p><\/div><\/td><\/tr><\/table><\/div><\/div><\/div><\/div><\/div><div class=\"wpb_column vc_column_container vc_col-sm-12\"><div class=\"vc_column-inner\"><div class=\"wpb_wrapper\"><div      class=\"vc_row wpb_row section vc_row-fluid vc_inner  vc_custom_1597559878124\" style=' text-align:left;'><div class=\" full_section_inner clearfix\"><div class=\"wpb_column vc_column_container vc_col-sm-12\"><div class=\"vc_column-inner\"><div class=\"wpb_wrapper\"><div class=\"animated_icons_with_text clearfix three_columns\"><div class=\"animated_icon_with_text_holder\"><a href=\"https:\/\/wa.me\/004915140508465\" target=\"_blank\"><div class=\"animated_icon_with_text_inner\"><div class=\"animated_icon_holder\"><div class=\"animated_icon\"><div class=\"animated_icon_inner\"><span class=\"animated_icon_front\"><i class='fa fa-whatsapp' ><\/i><\/span><span class=\"animated_icon_back\"><i class='fa fa-whatsapp' ><\/i><\/span><\/div><\/div><\/div><div class=\"animated_text_holder\"><div class=\"animated_text_holder_wrap\"><div class=\"animated_text_holder_wrap_inner\"><div class=\"animated_text_holder_inner\"><div class=\"animated_title\"><div class=\"animated_title_inner\"><h2>Whatsapp<\/h2><\/div><\/div><div class=\"animated_text\"><p><span>WhatsApp - einfach &amp; schnell<\/span><\/p><\/div><\/div><\/div><\/div><\/div><\/div><\/a><\/div><div class=\"animated_icon_with_text_holder\"><a href=\"tel:004915140508465\" target=\"_blank\"><div class=\"animated_icon_with_text_inner\"><div class=\"animated_icon_holder\"><div class=\"animated_icon\"><div class=\"animated_icon_inner\"><span class=\"animated_icon_front\"><i class='fa fa-phone' ><\/i><\/span><span class=\"animated_icon_back\"><i class='fa fa-phone' ><\/i><\/span><\/div><\/div><\/div><div class=\"animated_text_holder\"><div class=\"animated_text_holder_wrap\"><div class=\"animated_text_holder_wrap_inner\"><div class=\"animated_text_holder_inner\"><div class=\"animated_title\"><div class=\"animated_title_inner\"><h2>Telefon<\/h2><\/div><\/div><div class=\"animated_text\"><p><span>Telefon - perfekt f\u00fcr komplexere Anfragen<\/span><\/p><\/div><\/div><\/div><\/div><\/div><\/div><\/a><\/div><div class=\"animated_icon_with_text_holder\"><a href=\"mailto:mail@amirnasr.info\" target=\"_blank\"><div class=\"animated_icon_with_text_inner\"><div class=\"animated_icon_holder\"><div class=\"animated_icon\"><div class=\"animated_icon_inner\"><span class=\"animated_icon_front\"><i class='fa fa-envelope' ><\/i><\/span><span class=\"animated_icon_back\"><i class='fa fa-envelope' ><\/i><\/span><\/div><\/div><\/div><div class=\"animated_text_holder\"><div class=\"animated_text_holder_wrap\"><div class=\"animated_text_holder_wrap_inner\"><div class=\"animated_text_holder_inner\"><div class=\"animated_title\"><div class=\"animated_title_inner\"><h2>E-Mail<\/h2><\/div><\/div><div class=\"animated_text\"><p><span>Kontakt per E-Mail ... f\u00fcr Anfragen mit vielen Details<\/span><\/p><\/div><\/div><\/div><\/div><\/div><\/div><\/a><\/div><\/div><\/div><\/div><\/div><\/div><\/div><\/div><\/div><\/div><\/div><\/div><div      class=\"vc_row wpb_row section vc_row-fluid  vc_custom_1597561839955\" style=' text-align:left;'><div class=\" full_section_inner clearfix\"><div class=\"wpb_column vc_column_container vc_col-sm-12\"><div class=\"vc_column-inner\"><div class=\"wpb_wrapper\"><div class=\"separator  normal   \" style=\"background-color: #8c8c8c;\"><\/div><div class=\"vc_empty_space\"  style=\"height: 32px\" >\n\t<span class=\"vc_empty_space_inner\">\n\t\t<span class=\"empty_space_image\"  ><\/span>\n\t<\/span>\n<\/div>\n\t<div class=\"wpb_text_column wpb_content_element \">\n\t\t<div class=\"wpb_wrapper\">\n\t\t\t<h2 style=\"text-align: center;\">Kontaktformular<\/h2>\n\n\t\t<\/div>\n\t<\/div>\n\t<div class=\"wpb_text_column wpb_content_element \">\n\t\t<div class=\"wpb_wrapper\">\n\t\t\t<p style=\"text-align: center;\">Tragen Sie sich in das Formular ein, um eine unverbindliche Anfrage zu stellen.<\/p>\n<p style=\"text-align: center;\">Je ausf\u00fchrlicher und pr\u00e4ziser Ihre Angaben sind, desto schneller kann ich Ihnen Ihr unverbindliches Angebot erstellen.<\/p>\n<p>&nbsp;<\/p>\n\n\t\t<\/div>\n\t<\/div>\n<div class=\"wpcf7 no-js\" id=\"wpcf7-f45-o1\" lang=\"en-US\" dir=\"ltr\" data-wpcf7-id=\"45\">\n<div class=\"screen-reader-response\"><p role=\"status\" aria-live=\"polite\" aria-atomic=\"true\"><\/p> <ul><\/ul><\/div>\n<form action=\"\/de_de\/wp-json\/wp\/v2\/pages\/12#wpcf7-f45-o1\" method=\"post\" class=\"wpcf7-form init cf7_custom_style_1\" aria-label=\"Contact form\" novalidate=\"novalidate\" data-status=\"init\">\n<fieldset class=\"hidden-fields-container\"><input type=\"hidden\" name=\"_wpcf7\" value=\"45\" \/><input type=\"hidden\" name=\"_wpcf7_version\" value=\"6.1.5\" \/><input type=\"hidden\" name=\"_wpcf7_locale\" value=\"en_US\" \/><input type=\"hidden\" name=\"_wpcf7_unit_tag\" value=\"wpcf7-f45-o1\" \/><input type=\"hidden\" name=\"_wpcf7_container_post\" value=\"0\" \/><input type=\"hidden\" name=\"_wpcf7_posted_data_hash\" value=\"\" \/><input type=\"hidden\" name=\"_wpcf7_recaptcha_response\" value=\"\" \/>\n<\/fieldset>\n<p>Name \/ Firma \/ Ansprechpartner (Pflichtfeld)\n<\/p>\n<p><span class=\"wpcf7-form-control-wrap\" data-name=\"your-name\"><input size=\"40\" maxlength=\"400\" class=\"wpcf7-form-control wpcf7-text wpcf7-validates-as-required\" aria-required=\"true\" aria-invalid=\"false\" value=\"\" type=\"text\" name=\"your-name\" \/><\/span>\n<\/p>\n<p>Ihre E-Mail-Adresse (Pflichtfeld)\n<\/p>\n<p><span class=\"wpcf7-form-control-wrap\" data-name=\"your-email\"><input size=\"40\" maxlength=\"400\" class=\"wpcf7-form-control wpcf7-email wpcf7-validates-as-required wpcf7-text wpcf7-validates-as-email\" aria-required=\"true\" aria-invalid=\"false\" value=\"\" type=\"email\" name=\"your-email\" \/><\/span>\n<\/p>\n<p>Ihre Telefonnummer\n<\/p>\n<p><span class=\"wpcf7-form-control-wrap\" data-name=\"Telefonnummer\"><input size=\"40\" maxlength=\"400\" class=\"wpcf7-form-control wpcf7-tel wpcf7-text wpcf7-validates-as-tel\" aria-invalid=\"false\" value=\"\" type=\"tel\" name=\"Telefonnummer\" \/><\/span>\n<\/p>\n<p>Ich interessiere mich f\u00fcr\n<\/p>\n<p><span class=\"wpcf7-form-control-wrap\" data-name=\"Dropdown-Interesse\"><select class=\"wpcf7-form-control wpcf7-select\" aria-invalid=\"false\" name=\"Dropdown-Interesse\"><option value=\"Gitarre Solo\">Gitarre Solo<\/option><option value=\"Duo (Gitarre &amp; Gesang)\">Duo (Gitarre &amp; Gesang)<\/option><option value=\"Duo (Gitarre &amp; Saxophon)\">Duo (Gitarre &amp; Saxophon)<\/option><option value=\"Duo (Gitarre &amp; DJ)\">Duo (Gitarre &amp; DJ)<\/option><option value=\"Trio (Gitarre, Gesang &amp; Saxophon)\">Trio (Gitarre, Gesang &amp; Saxophon)<\/option><option value=\"komplette Band\">komplette Band<\/option><\/select><\/span>\n<\/p>\n<p>Veranstaltungsart\n<\/p>\n<p><span class=\"wpcf7-form-control-wrap\" data-name=\"Dropdown-Veranstaltungsart\"><select class=\"wpcf7-form-control wpcf7-select\" aria-invalid=\"false\" name=\"Dropdown-Veranstaltungsart\"><option value=\"Privatveranstaltung\">Privatveranstaltung<\/option><option value=\"Firmenevent\">Firmenevent<\/option><option value=\"\u00d6ffentliche Veranstaltung\">\u00d6ffentliche Veranstaltung<\/option><\/select><\/span>\n<\/p>\n<p>Datum der Veranstaltung (Pflichtfeld)\n<\/p>\n<p><span class=\"wpcf7-form-control-wrap\" data-name=\"Datum\"><input class=\"wpcf7-form-control wpcf7-date wpcf7-validates-as-required wpcf7-validates-as-date\" aria-required=\"true\" aria-invalid=\"false\" value=\"\" type=\"date\" name=\"Datum\" \/><\/span>\n<\/p>\n<p>Ort der Veranstaltung (Pflichtfeld)\n<\/p>\n<p><span class=\"wpcf7-form-control-wrap\" data-name=\"text\"><input size=\"40\" maxlength=\"400\" class=\"wpcf7-form-control wpcf7-text wpcf7-validates-as-required\" aria-required=\"true\" aria-invalid=\"false\" value=\"\" type=\"text\" name=\"text\" \/><\/span>\n<\/p>\n<p>Erg\u00e4nzende Nachricht\n<\/p>\n<p><span class=\"wpcf7-form-control-wrap\" data-name=\"your-message\"><textarea cols=\"40\" rows=\"10\" maxlength=\"2000\" class=\"wpcf7-form-control wpcf7-textarea\" aria-invalid=\"false\" name=\"your-message\"><\/textarea><\/span>\n<\/p>\n<p><span class=\"wpcf7-form-control-wrap\" data-name=\"Datenschutz\"><span class=\"wpcf7-form-control wpcf7-acceptance\"><span class=\"wpcf7-list-item\"><label><input type=\"checkbox\" name=\"Datenschutz\" value=\"1\" aria-invalid=\"false\" \/><span class=\"wpcf7-list-item-label\">Datenschutzhinweis: Ihre Angaben werden vertraulich behandelt und ausschlie\u00dflich zum Zweck der Bearbeitung Ihrer Anfrage genutzt. Die Daten\u00fcbertragung erfolgt verschl\u00fcsselt. Mehr Informationen erhalten Sie in unserer <a href=\"https:\/\/amirnasr.info\/datenschutz\/\" target=\"_blank\">Datenschutzerkl\u00e4rung<\/a><\/span><\/label><\/span><\/span><\/span>\n<\/p>\n<p><input class=\"wpcf7-form-control wpcf7-submit has-spinner\" type=\"submit\" value=\"Unverbindlich anfragen\" \/>\n<\/p><div class=\"wpcf7-response-output\" aria-hidden=\"true\"><\/div>\n<\/form>\n<\/div>\n<div class=\"vc_empty_space\"  style=\"height: 30px\" >\n\t<span class=\"vc_empty_space_inner\">\n\t\t<span class=\"empty_space_image\"  ><\/span>\n\t<\/span>\n<\/div><\/div><\/div><\/div><\/div><\/div>\n<\/div>","protected":false},"excerpt":{"rendered":"Kontakt Tragen Sie sich in das Formular ein, um eine unverbindliche Anfrage zu stellen. Je ausf\u00fchrlicher und pr\u00e4ziser Ihre Angaben sind, desto schneller kann ich Ihnen Ihr unverbindliches Angebot erstellen. WhatsappWhatsApp - einfach &amp; schnellTelefonTelefon - perfekt f\u00fcr komplexere AnfragenE-MailKontakt per E-Mail ... f\u00fcr Anfragen...","protected":false},"author":4,"featured_media":0,"parent":0,"menu_order":0,"comment_status":"open","ping_status":"closed","template":"full_width.php","meta":{"footnotes":""},"class_list":["post-12","page","type-page","status-publish","hentry"],"yoast_head":"<!-- This site is optimized with the Yoast SEO plugin v27.4 - https:\/\/yoast.com\/product\/yoast-seo-wordpress\/ -->\n<title>Kontakt - Amir Nasr<\/title>\n<meta name=\"description\" content=\"Kontaktieren Sie mich \u00fcber E-Mail, Telefon oder das praktische Kontaktformular. Ich verspreche Ihnen mich schnellst m\u00f6glich zur\u00fcck zu melden!\" \/>\n<meta name=\"robots\" content=\"index, follow, max-snippet:-1, max-image-preview:large, max-video-preview:-1\" \/>\n<link rel=\"canonical\" href=\"https:\/\/amirnasr.info\/de_de\/kontakt\/\" \/>\n<meta property=\"og:locale\" content=\"de_DE\" \/>\n<meta property=\"og:type\" content=\"article\" \/>\n<meta property=\"og:title\" content=\"Kontakt - Amir Nasr\" \/>\n<meta property=\"og:description\" content=\"Kontaktieren Sie mich \u00fcber E-Mail, Telefon oder das praktische Kontaktformular. Ich verspreche Ihnen mich schnellst m\u00f6glich zur\u00fcck zu melden!\" \/>\n<meta property=\"og:url\" content=\"https:\/\/amirnasr.info\/de_de\/kontakt\/\" \/>\n<meta property=\"og:site_name\" content=\"Amir Nasr\" \/>\n<meta property=\"article:modified_time\" content=\"2023-07-19T20:51:12+00:00\" \/>\n<meta name=\"twitter:card\" content=\"summary_large_image\" \/>\n<meta name=\"twitter:label1\" content=\"Est. reading time\" \/>\n\t<meta name=\"twitter:data1\" content=\"2 minutes\" \/>\n<script type=\"application\/ld+json\" class=\"yoast-schema-graph\">{\"@context\":\"https:\\\/\\\/schema.org\",\"@graph\":[{\"@type\":\"WebPage\",\"@id\":\"https:\\\/\\\/amirnasr.info\\\/de_de\\\/kontakt\\\/\",\"url\":\"https:\\\/\\\/amirnasr.info\\\/de_de\\\/kontakt\\\/\",\"name\":\"Kontakt - Amir Nasr\",\"isPartOf\":{\"@id\":\"https:\\\/\\\/amirnasr.info\\\/de_de\\\/#website\"},\"datePublished\":\"2020-08-04T19:00:42+00:00\",\"dateModified\":\"2023-07-19T20:51:12+00:00\",\"description\":\"Kontaktieren Sie mich \u00fcber E-Mail, Telefon oder das praktische Kontaktformular. Ich verspreche Ihnen mich schnellst m\u00f6glich zur\u00fcck zu melden!\",\"breadcrumb\":{\"@id\":\"https:\\\/\\\/amirnasr.info\\\/de_de\\\/kontakt\\\/#breadcrumb\"},\"inLanguage\":\"de-DE\",\"potentialAction\":[{\"@type\":\"ReadAction\",\"target\":[\"https:\\\/\\\/amirnasr.info\\\/de_de\\\/kontakt\\\/\"]}]},{\"@type\":\"BreadcrumbList\",\"@id\":\"https:\\\/\\\/amirnasr.info\\\/de_de\\\/kontakt\\\/#breadcrumb\",\"itemListElement\":[{\"@type\":\"ListItem\",\"position\":1,\"name\":\"Startseite\",\"item\":\"https:\\\/\\\/amirnasr.info\\\/\"},{\"@type\":\"ListItem\",\"position\":2,\"name\":\"Kontakt\"}]},{\"@type\":\"WebSite\",\"@id\":\"https:\\\/\\\/amirnasr.info\\\/de_de\\\/#website\",\"url\":\"https:\\\/\\\/amirnasr.info\\\/de_de\\\/\",\"name\":\"Amir Nasr\",\"description\":\"GITARRE, BARITON, KOMPOSITION, ARRANGEMENTS, FILM &amp; THEATERMUSIK\",\"publisher\":{\"@id\":\"https:\\\/\\\/amirnasr.info\\\/de_de\\\/#organization\"},\"potentialAction\":[{\"@type\":\"SearchAction\",\"target\":{\"@type\":\"EntryPoint\",\"urlTemplate\":\"https:\\\/\\\/amirnasr.info\\\/de_de\\\/?s={search_term_string}\"},\"query-input\":{\"@type\":\"PropertyValueSpecification\",\"valueRequired\":true,\"valueName\":\"search_term_string\"}}],\"inLanguage\":\"de-DE\"},{\"@type\":\"Organization\",\"@id\":\"https:\\\/\\\/amirnasr.info\\\/de_de\\\/#organization\",\"name\":\"Amir Nasr\",\"url\":\"https:\\\/\\\/amirnasr.info\\\/de_de\\\/\",\"logo\":{\"@type\":\"ImageObject\",\"inLanguage\":\"de-DE\",\"@id\":\"https:\\\/\\\/amirnasr.info\\\/de_de\\\/#\\\/schema\\\/logo\\\/image\\\/\",\"url\":\"https:\\\/\\\/i0.wp.com\\\/www.amirnasr.info\\\/wp-content\\\/uploads\\\/2020\\\/07\\\/Screenshot-at-Jul-23-13-39-40.png?fit=250%2C250&ssl=1\",\"contentUrl\":\"https:\\\/\\\/i0.wp.com\\\/www.amirnasr.info\\\/wp-content\\\/uploads\\\/2020\\\/07\\\/Screenshot-at-Jul-23-13-39-40.png?fit=250%2C250&ssl=1\",\"width\":250,\"height\":250,\"caption\":\"Amir Nasr\"},\"image\":{\"@id\":\"https:\\\/\\\/amirnasr.info\\\/de_de\\\/#\\\/schema\\\/logo\\\/image\\\/\"}}]}<\/script>\n<!-- \/ Yoast SEO plugin. -->","yoast_head_json":{"title":"Kontakt - Amir Nasr","description":"Kontaktieren Sie mich \u00fcber E-Mail, Telefon oder das praktische Kontaktformular. Ich verspreche Ihnen mich schnellst m\u00f6glich zur\u00fcck zu melden!","robots":{"index":"index","follow":"follow","max-snippet":"max-snippet:-1","max-image-preview":"max-image-preview:large","max-video-preview":"max-video-preview:-1"},"canonical":"https:\/\/amirnasr.info\/de_de\/kontakt\/","og_locale":"de_DE","og_type":"article","og_title":"Kontakt - Amir Nasr","og_description":"Kontaktieren Sie mich \u00fcber E-Mail, Telefon oder das praktische Kontaktformular. Ich verspreche Ihnen mich schnellst m\u00f6glich zur\u00fcck zu melden!","og_url":"https:\/\/amirnasr.info\/de_de\/kontakt\/","og_site_name":"Amir Nasr","article_modified_time":"2023-07-19T20:51:12+00:00","twitter_card":"summary_large_image","twitter_misc":{"Est. reading time":"2 minutes"},"schema":{"@context":"https:\/\/schema.org","@graph":[{"@type":"WebPage","@id":"https:\/\/amirnasr.info\/de_de\/kontakt\/","url":"https:\/\/amirnasr.info\/de_de\/kontakt\/","name":"Kontakt - Amir Nasr","isPartOf":{"@id":"https:\/\/amirnasr.info\/de_de\/#website"},"datePublished":"2020-08-04T19:00:42+00:00","dateModified":"2023-07-19T20:51:12+00:00","description":"Kontaktieren Sie mich \u00fcber E-Mail, Telefon oder das praktische Kontaktformular. Ich verspreche Ihnen mich schnellst m\u00f6glich zur\u00fcck zu melden!","breadcrumb":{"@id":"https:\/\/amirnasr.info\/de_de\/kontakt\/#breadcrumb"},"inLanguage":"de-DE","potentialAction":[{"@type":"ReadAction","target":["https:\/\/amirnasr.info\/de_de\/kontakt\/"]}]},{"@type":"BreadcrumbList","@id":"https:\/\/amirnasr.info\/de_de\/kontakt\/#breadcrumb","itemListElement":[{"@type":"ListItem","position":1,"name":"Startseite","item":"https:\/\/amirnasr.info\/"},{"@type":"ListItem","position":2,"name":"Kontakt"}]},{"@type":"WebSite","@id":"https:\/\/amirnasr.info\/de_de\/#website","url":"https:\/\/amirnasr.info\/de_de\/","name":"Amir Nasr","description":"GITARRE, BARITON, KOMPOSITION, ARRANGEMENTS, FILM &amp; THEATERMUSIK","publisher":{"@id":"https:\/\/amirnasr.info\/de_de\/#organization"},"potentialAction":[{"@type":"SearchAction","target":{"@type":"EntryPoint","urlTemplate":"https:\/\/amirnasr.info\/de_de\/?s={search_term_string}"},"query-input":{"@type":"PropertyValueSpecification","valueRequired":true,"valueName":"search_term_string"}}],"inLanguage":"de-DE"},{"@type":"Organization","@id":"https:\/\/amirnasr.info\/de_de\/#organization","name":"Amir Nasr","url":"https:\/\/amirnasr.info\/de_de\/","logo":{"@type":"ImageObject","inLanguage":"de-DE","@id":"https:\/\/amirnasr.info\/de_de\/#\/schema\/logo\/image\/","url":"https:\/\/i0.wp.com\/www.amirnasr.info\/wp-content\/uploads\/2020\/07\/Screenshot-at-Jul-23-13-39-40.png?fit=250%2C250&ssl=1","contentUrl":"https:\/\/i0.wp.com\/www.amirnasr.info\/wp-content\/uploads\/2020\/07\/Screenshot-at-Jul-23-13-39-40.png?fit=250%2C250&ssl=1","width":250,"height":250,"caption":"Amir Nasr"},"image":{"@id":"https:\/\/amirnasr.info\/de_de\/#\/schema\/logo\/image\/"}}]}},"_links":{"self":[{"href":"https:\/\/amirnasr.info\/de_de\/wp-json\/wp\/v2\/pages\/12","targetHints":{"allow":["GET"]}}],"collection":[{"href":"https:\/\/amirnasr.info\/de_de\/wp-json\/wp\/v2\/pages"}],"about":[{"href":"https:\/\/amirnasr.info\/de_de\/wp-json\/wp\/v2\/types\/page"}],"author":[{"embeddable":true,"href":"https:\/\/amirnasr.info\/de_de\/wp-json\/wp\/v2\/users\/4"}],"replies":[{"embeddable":true,"href":"https:\/\/amirnasr.info\/de_de\/wp-json\/wp\/v2\/comments?post=12"}],"version-history":[{"count":51,"href":"https:\/\/amirnasr.info\/de_de\/wp-json\/wp\/v2\/pages\/12\/revisions"}],"predecessor-version":[{"id":1395,"href":"https:\/\/amirnasr.info\/de_de\/wp-json\/wp\/v2\/pages\/12\/revisions\/1395"}],"wp:attachment":[{"href":"https:\/\/amirnasr.info\/de_de\/wp-json\/wp\/v2\/media?parent=12"}],"curies":[{"name":"wp","href":"https:\/\/api.w.org\/{rel}","templated":true}]}}