{"id":1172,"date":"2020-08-29T14:44:43","date_gmt":"2020-08-29T12:44:43","guid":{"rendered":"https:\/\/www.amirnasr.info\/?page_id=1172"},"modified":"2025-03-10T22:04:42","modified_gmt":"2025-03-10T20:04:42","slug":"band","status":"publish","type":"page","link":"https:\/\/amirnasr.info\/de_de\/band\/","title":{"rendered":"Band"},"content":{"rendered":"<div class=\"wpb-content-wrapper\"><div      class=\"vc_row wpb_row section vc_row-fluid \" style=' text-align:left;'><div class=\" full_section_inner clearfix\"><div class=\"wpb_column vc_column_container vc_col-sm-12\"><div class=\"vc_column-inner\"><div class=\"wpb_wrapper\">\n\t<div class=\"wpb_text_column wpb_content_element  grosser-text\">\n\t\t<div class=\"wpb_wrapper\">\n\t\t\t<h1 style=\"text-align: center;\">\u00a0<\/h1>\n<p style=\"text-align: center;\">\n<h1 style=\"text-align: center;\">Gitarre mit Band<\/h1>\n<p>&nbsp;<\/p>\n<p style=\"text-align: center;\">\n<p style=\"text-align: center;\">\n<p style=\"text-align: center;\">\n<p style=\"text-align: center;\">\n<p style=\"text-align: center;\">\n<p style=\"text-align: center;\">F\u00fcr das maximale <strong>musikalische Highlight<\/strong> bestimmen Sie die Anzahl der <strong>S\u00e4nger:innen<\/strong>, ob mit<strong> Saxophonisten<\/strong> oder mit <strong>komplettem Bl\u00e4sersatz<\/strong>. Wir f\u00fcllen jeden Raum mit mitrei\u00dfender<strong> Energie<\/strong> und bewegen jedes Publikum.<\/p>\n<p style=\"text-align: center;\"><strong>Genres: Pop, Soul, Charts<\/strong><\/p>\n<p>&nbsp;<\/p>\n<p style=\"text-align: center;\">\n<p style=\"text-align: center;\"><em><strong>Hier finden Sie den Link zum Video meiner Party-Formation.<\/strong><\/em><\/p>\n<p style=\"text-align: center;\"><strong><a href=\"https:\/\/youtu.be\/Tw4oyh1K2AQ?si=_8jve_4bf8ff8du4\" target=\"_blank\" rel=\"noopener\">&#8220;Live &amp; Beat Blend&#8221;<\/a><\/strong><\/p>\n<p><strong><em>\u00a0 &#8220;Live &amp; Beat Blend&#8221;<\/em><\/strong> \u2013 Ihr Party Power-Paket! Unsere dynamische Band verwandelt Ihre Feier in ein umwerfendes Spektakel aus Sound und Rhythmus. Wir verkn\u00fcpfen virtuose <strong>Live-Musik<\/strong> mit pulsierenden <strong>DJ-Beats<\/strong> und sorgen so f\u00fcr ein einzigartiges Entertainment-Erlebnis. Unser Repertoire? Eine bunte Mischung aus den neuesten Chartst\u00fcrmern und beliebten Evergreens, die wir mit Leidenschaft und unverwechselbarem Groove zum Besten geben. Ihre W\u00fcnsche stehen im Mittelpunkt: Egal, ob Sie eine Komplettl\u00f6sung f\u00fcr Ihren Event suchen oder ein musikalisches Highlight setzen m\u00f6chten \u2013 <strong>&#8220;Live &amp; Beat Blend&#8221;<\/strong> passt sich flexibel an und macht Ihre<strong> Party<\/strong> unvergesslich. Booking-Anfragen werden ab sofort entgegengenommen \u2013 lassen Sie uns gemeinsam die<strong> Tanzfl\u00e4che<\/strong> zum Beben bringen!<\/p>\n\n\t\t<\/div>\n\t<\/div><div class=\"vc_empty_space\"  style=\"height: 32px\" >\n\t<span class=\"vc_empty_space_inner\">\n\t\t<span class=\"empty_space_image\"  ><\/span>\n\t<\/span>\n<\/div><\/div><\/div><\/div><\/div><\/div><div      class=\"vc_row wpb_row section vc_row-fluid \" style=' text-align:left;'><div class=\" full_section_inner clearfix\"><div class=\"wpb_column vc_column_container vc_col-sm-12\"><div class=\"vc_column-inner\"><div class=\"wpb_wrapper\">\n\t<div class=\"wpb_video_widget wpb_content_element vc_clearfix   vc_video-aspect-ratio-169 vc_video-el-width-100 vc_video-align-left\" >\n\t\t<div class=\"wpb_wrapper\">\n\t\t\t\n\t\t\t<div class=\"wpb_video_wrapper\"><iframe loading=\"lazy\" title=\"&quot;live &amp; Beat Blend&quot; Party Formation!\" width=\"500\" height=\"281\" src=\"https:\/\/www.youtube.com\/embed\/Tw4oyh1K2AQ?feature=oembed\" frameborder=\"0\" allow=\"accelerometer; autoplay; clipboard-write; encrypted-media; gyroscope; picture-in-picture; web-share\" referrerpolicy=\"strict-origin-when-cross-origin\" allowfullscreen><\/iframe><\/div>\n\t\t<\/div>\n\t<\/div>\n<div class=\"vc_empty_space\"  style=\"height: 32px\" >\n\t<span class=\"vc_empty_space_inner\">\n\t\t<span class=\"empty_space_image\"  ><\/span>\n\t<\/span>\n<\/div><\/div><\/div><\/div><\/div><\/div><div      class=\"vc_row wpb_row section vc_row-fluid \" style=' text-align:left;'><div class=\" full_section_inner clearfix\"><div class=\"wpb_column vc_column_container vc_col-sm-12\"><div class=\"vc_column-inner\"><div class=\"wpb_wrapper\"><div class=\"vc_empty_space\"  style=\"height: 100px\" >\n\t<span class=\"vc_empty_space_inner\">\n\t\t<span class=\"empty_space_image\"  ><\/span>\n\t<\/span>\n<\/div><div class='qode_image_gallery_no_space '>\n            <div class='qode_image_gallery_holder' style='height: 400px;'>\n                <ul ><li >\n                    <div style=\"height: 400px; width:712px;\"><img decoding=\"async\" itemprop=\"image\" src=\"https:\/\/amirnasr.info\/wp-content\/uploads\/2024\/01\/live-beat-copy.jpg\" alt=\"\" \/><\/div><\/li><li >\n                    <div style=\"height: 400px; width:600px;\"><img decoding=\"async\" itemprop=\"image\" src=\"https:\/\/amirnasr.info\/wp-content\/uploads\/2020\/08\/S6_Concert_120518_100-scaled.jpg\" alt=\"\" \/><\/div><\/li><li >\n                    <div style=\"height: 400px; width:600px;\"><img decoding=\"async\" itemprop=\"image\" src=\"https:\/\/amirnasr.info\/wp-content\/uploads\/2020\/09\/EP8A90990096-Kopie.jpg\" alt=\"\" \/><\/div><\/li><li >\n                    <div style=\"height: 400px; width:600px;\"><img decoding=\"async\" itemprop=\"image\" src=\"https:\/\/amirnasr.info\/wp-content\/uploads\/2020\/08\/IMG_2756.jpeg\" alt=\"\" \/><\/div><\/li><li >\n                    <div style=\"height: 400px; width:640px;\"><img decoding=\"async\" itemprop=\"image\" src=\"https:\/\/amirnasr.info\/wp-content\/uploads\/2020\/08\/PAZA8068-2.jpeg\" alt=\"\" \/><\/div><\/li><\/ul>\n          <\/div>\n          <div class='controls'>\n              <a class='prev-slide' href='#'><span><i class='fa fa-angle-left'><\/i><\/span><\/a>\n              <a class='next-slide' href='#'><span><i class='fa fa-angle-right'><\/i><\/span><\/a>\n          <\/div>\n      <\/div><\/div><\/div><\/div><\/div><\/div><\/div>","protected":false},"excerpt":{"rendered":"\u00a0 Gitarre mit Band &nbsp; F\u00fcr das maximale musikalische Highlight bestimmen Sie die Anzahl der S\u00e4nger:innen, ob mit Saxophonisten oder mit komplettem Bl\u00e4sersatz. Wir f\u00fcllen jeden Raum mit mitrei\u00dfender Energie und bewegen jedes Publikum. Genres: Pop, Soul, Charts &nbsp; Hier finden Sie den Link zum...","protected":false},"author":5,"featured_media":0,"parent":0,"menu_order":0,"comment_status":"closed","ping_status":"closed","template":"","meta":{"footnotes":""},"class_list":["post-1172","page","type-page","status-publish","hentry"],"yoast_head":"<!-- This site is optimized with the Yoast SEO plugin v27.4 - https:\/\/yoast.com\/product\/yoast-seo-wordpress\/ -->\n<title>Band - Amir Nasr<\/title>\n<meta name=\"robots\" content=\"index, follow, max-snippet:-1, max-image-preview:large, max-video-preview:-1\" \/>\n<link rel=\"canonical\" href=\"https:\/\/amirnasr.info\/de_de\/band\/\" \/>\n<meta property=\"og:locale\" content=\"de_DE\" \/>\n<meta property=\"og:type\" content=\"article\" \/>\n<meta property=\"og:title\" content=\"Band - Amir Nasr\" \/>\n<meta property=\"og:url\" content=\"https:\/\/amirnasr.info\/de_de\/band\/\" \/>\n<meta property=\"og:site_name\" content=\"Amir Nasr\" \/>\n<meta property=\"article:modified_time\" content=\"2025-03-10T20:04:42+00:00\" \/>\n<meta name=\"twitter:card\" content=\"summary_large_image\" \/>\n<meta name=\"twitter:label1\" content=\"Est. reading time\" \/>\n\t<meta name=\"twitter:data1\" content=\"2 minutes\" \/>\n<script type=\"application\/ld+json\" class=\"yoast-schema-graph\">{\"@context\":\"https:\\\/\\\/schema.org\",\"@graph\":[{\"@type\":\"WebPage\",\"@id\":\"https:\\\/\\\/amirnasr.info\\\/de_de\\\/band\\\/\",\"url\":\"https:\\\/\\\/amirnasr.info\\\/de_de\\\/band\\\/\",\"name\":\"Band - Amir Nasr\",\"isPartOf\":{\"@id\":\"https:\\\/\\\/amirnasr.info\\\/de_de\\\/#website\"},\"datePublished\":\"2020-08-29T12:44:43+00:00\",\"dateModified\":\"2025-03-10T20:04:42+00:00\",\"breadcrumb\":{\"@id\":\"https:\\\/\\\/amirnasr.info\\\/de_de\\\/band\\\/#breadcrumb\"},\"inLanguage\":\"de-DE\",\"potentialAction\":[{\"@type\":\"ReadAction\",\"target\":[\"https:\\\/\\\/amirnasr.info\\\/de_de\\\/band\\\/\"]}]},{\"@type\":\"BreadcrumbList\",\"@id\":\"https:\\\/\\\/amirnasr.info\\\/de_de\\\/band\\\/#breadcrumb\",\"itemListElement\":[{\"@type\":\"ListItem\",\"position\":1,\"name\":\"Startseite\",\"item\":\"https:\\\/\\\/amirnasr.info\\\/\"},{\"@type\":\"ListItem\",\"position\":2,\"name\":\"Band\"}]},{\"@type\":\"WebSite\",\"@id\":\"https:\\\/\\\/amirnasr.info\\\/de_de\\\/#website\",\"url\":\"https:\\\/\\\/amirnasr.info\\\/de_de\\\/\",\"name\":\"Amir Nasr\",\"description\":\"GITARRE, BARITON, KOMPOSITION, ARRANGEMENTS, FILM &amp; THEATERMUSIK\",\"publisher\":{\"@id\":\"https:\\\/\\\/amirnasr.info\\\/de_de\\\/#organization\"},\"potentialAction\":[{\"@type\":\"SearchAction\",\"target\":{\"@type\":\"EntryPoint\",\"urlTemplate\":\"https:\\\/\\\/amirnasr.info\\\/de_de\\\/?s={search_term_string}\"},\"query-input\":{\"@type\":\"PropertyValueSpecification\",\"valueRequired\":true,\"valueName\":\"search_term_string\"}}],\"inLanguage\":\"de-DE\"},{\"@type\":\"Organization\",\"@id\":\"https:\\\/\\\/amirnasr.info\\\/de_de\\\/#organization\",\"name\":\"Amir Nasr\",\"url\":\"https:\\\/\\\/amirnasr.info\\\/de_de\\\/\",\"logo\":{\"@type\":\"ImageObject\",\"inLanguage\":\"de-DE\",\"@id\":\"https:\\\/\\\/amirnasr.info\\\/de_de\\\/#\\\/schema\\\/logo\\\/image\\\/\",\"url\":\"https:\\\/\\\/i0.wp.com\\\/www.amirnasr.info\\\/wp-content\\\/uploads\\\/2020\\\/07\\\/Screenshot-at-Jul-23-13-39-40.png?fit=250%2C250&ssl=1\",\"contentUrl\":\"https:\\\/\\\/i0.wp.com\\\/www.amirnasr.info\\\/wp-content\\\/uploads\\\/2020\\\/07\\\/Screenshot-at-Jul-23-13-39-40.png?fit=250%2C250&ssl=1\",\"width\":250,\"height\":250,\"caption\":\"Amir Nasr\"},\"image\":{\"@id\":\"https:\\\/\\\/amirnasr.info\\\/de_de\\\/#\\\/schema\\\/logo\\\/image\\\/\"}}]}<\/script>\n<!-- \/ Yoast SEO plugin. -->","yoast_head_json":{"title":"Band - Amir Nasr","robots":{"index":"index","follow":"follow","max-snippet":"max-snippet:-1","max-image-preview":"max-image-preview:large","max-video-preview":"max-video-preview:-1"},"canonical":"https:\/\/amirnasr.info\/de_de\/band\/","og_locale":"de_DE","og_type":"article","og_title":"Band - Amir Nasr","og_url":"https:\/\/amirnasr.info\/de_de\/band\/","og_site_name":"Amir Nasr","article_modified_time":"2025-03-10T20:04:42+00:00","twitter_card":"summary_large_image","twitter_misc":{"Est. reading time":"2 minutes"},"schema":{"@context":"https:\/\/schema.org","@graph":[{"@type":"WebPage","@id":"https:\/\/amirnasr.info\/de_de\/band\/","url":"https:\/\/amirnasr.info\/de_de\/band\/","name":"Band - Amir Nasr","isPartOf":{"@id":"https:\/\/amirnasr.info\/de_de\/#website"},"datePublished":"2020-08-29T12:44:43+00:00","dateModified":"2025-03-10T20:04:42+00:00","breadcrumb":{"@id":"https:\/\/amirnasr.info\/de_de\/band\/#breadcrumb"},"inLanguage":"de-DE","potentialAction":[{"@type":"ReadAction","target":["https:\/\/amirnasr.info\/de_de\/band\/"]}]},{"@type":"BreadcrumbList","@id":"https:\/\/amirnasr.info\/de_de\/band\/#breadcrumb","itemListElement":[{"@type":"ListItem","position":1,"name":"Startseite","item":"https:\/\/amirnasr.info\/"},{"@type":"ListItem","position":2,"name":"Band"}]},{"@type":"WebSite","@id":"https:\/\/amirnasr.info\/de_de\/#website","url":"https:\/\/amirnasr.info\/de_de\/","name":"Amir Nasr","description":"GITARRE, BARITON, KOMPOSITION, ARRANGEMENTS, FILM &amp; THEATERMUSIK","publisher":{"@id":"https:\/\/amirnasr.info\/de_de\/#organization"},"potentialAction":[{"@type":"SearchAction","target":{"@type":"EntryPoint","urlTemplate":"https:\/\/amirnasr.info\/de_de\/?s={search_term_string}"},"query-input":{"@type":"PropertyValueSpecification","valueRequired":true,"valueName":"search_term_string"}}],"inLanguage":"de-DE"},{"@type":"Organization","@id":"https:\/\/amirnasr.info\/de_de\/#organization","name":"Amir Nasr","url":"https:\/\/amirnasr.info\/de_de\/","logo":{"@type":"ImageObject","inLanguage":"de-DE","@id":"https:\/\/amirnasr.info\/de_de\/#\/schema\/logo\/image\/","url":"https:\/\/i0.wp.com\/www.amirnasr.info\/wp-content\/uploads\/2020\/07\/Screenshot-at-Jul-23-13-39-40.png?fit=250%2C250&ssl=1","contentUrl":"https:\/\/i0.wp.com\/www.amirnasr.info\/wp-content\/uploads\/2020\/07\/Screenshot-at-Jul-23-13-39-40.png?fit=250%2C250&ssl=1","width":250,"height":250,"caption":"Amir Nasr"},"image":{"@id":"https:\/\/amirnasr.info\/de_de\/#\/schema\/logo\/image\/"}}]}},"_links":{"self":[{"href":"https:\/\/amirnasr.info\/de_de\/wp-json\/wp\/v2\/pages\/1172","targetHints":{"allow":["GET"]}}],"collection":[{"href":"https:\/\/amirnasr.info\/de_de\/wp-json\/wp\/v2\/pages"}],"about":[{"href":"https:\/\/amirnasr.info\/de_de\/wp-json\/wp\/v2\/types\/page"}],"author":[{"embeddable":true,"href":"https:\/\/amirnasr.info\/de_de\/wp-json\/wp\/v2\/users\/5"}],"replies":[{"embeddable":true,"href":"https:\/\/amirnasr.info\/de_de\/wp-json\/wp\/v2\/comments?post=1172"}],"version-history":[{"count":26,"href":"https:\/\/amirnasr.info\/de_de\/wp-json\/wp\/v2\/pages\/1172\/revisions"}],"predecessor-version":[{"id":1840,"href":"https:\/\/amirnasr.info\/de_de\/wp-json\/wp\/v2\/pages\/1172\/revisions\/1840"}],"wp:attachment":[{"href":"https:\/\/amirnasr.info\/de_de\/wp-json\/wp\/v2\/media?parent=1172"}],"curies":[{"name":"wp","href":"https:\/\/api.w.org\/{rel}","templated":true}]}}