{"id":1170,"date":"2020-08-29T14:43:22","date_gmt":"2020-08-29T12:43:22","guid":{"rendered":"https:\/\/www.amirnasr.info\/?page_id=1170"},"modified":"2025-03-10T22:43:48","modified_gmt":"2025-03-10T20:43:48","slug":"trio","status":"publish","type":"page","link":"https:\/\/amirnasr.info\/de_de\/trio\/","title":{"rendered":"Trio\/Quartett"},"content":{"rendered":"<div class=\"wpb-content-wrapper\"><div      class=\"vc_row wpb_row section vc_row-fluid \" style=' text-align:left;'><div class=\" full_section_inner clearfix\"><div class=\"wpb_column vc_column_container vc_col-sm-12\"><div class=\"vc_column-inner\"><div class=\"wpb_wrapper\">\n\t<div class=\"wpb_text_column wpb_content_element  grosser-text\">\n\t\t<div class=\"wpb_wrapper\">\n\t\t\t<h1 style=\"text-align: center;\">\u00a0<\/h1>\n<p style=\"text-align: center;\">\n<h1 style=\"text-align: center;\">Gitarre im Trio\/Quartett<\/h1>\n<p>&nbsp;<\/p>\n<p style=\"text-align: center;\">\n<p style=\"text-align: center;\">\n<p style=\"text-align: center;\">\n<p style=\"text-align: center;\">\n<p style=\"text-align: center;\">\n<p style=\"text-align: center;\">Unser <strong>Trio<\/strong> aus Gitarre, <strong>Saxophon<\/strong> und <strong>Gesang<\/strong> ist unser Bestseller und wir erf\u00fcllen jeden Wunsch mithilfe unseres gro\u00dfen Repertoires aus den Bereichen <strong>Pop<\/strong>, <strong>Jazz<\/strong> und <strong>Soul<\/strong>. Durch mein gro\u00dfes Netzwerk an <strong>Berufsmusiker:innen<\/strong> sind viele Formationen m\u00f6glich, am besten einfach das <strong>Wunsch-Trio<\/strong> in die <strong>Anfrage<\/strong> mit einbinden.<\/p>\n<p style=\"text-align: center;\">\n<p>&nbsp;<\/p>\n\n\t\t<\/div>\n\t<\/div><div class=\"vc_empty_space\"  style=\"height: 32px\" >\n\t<span class=\"vc_empty_space_inner\">\n\t\t<span class=\"empty_space_image\"  ><\/span>\n\t<\/span>\n<\/div><\/div><\/div><\/div><\/div><\/div><div      class=\"vc_row wpb_row section vc_row-fluid \" style=' text-align:left;'><div class=\" full_section_inner clearfix\"><div class=\"wpb_column vc_column_container vc_col-sm-12\"><div class=\"vc_column-inner\"><div class=\"wpb_wrapper\">\n\t<div class=\"wpb_video_widget wpb_content_element vc_clearfix   vc_video-aspect-ratio-169 vc_video-el-width-100 vc_video-align-left\" >\n\t\t<div class=\"wpb_wrapper\">\n\t\t\t\n\t\t\t<div class=\"wpb_video_wrapper\"><iframe loading=\"lazy\" title=\"Ein kleines Gitarrensolo mit Band.\" width=\"500\" height=\"281\" src=\"https:\/\/www.youtube.com\/embed\/80wJnwdfP6U?feature=oembed\" frameborder=\"0\" allow=\"accelerometer; autoplay; clipboard-write; encrypted-media; gyroscope; picture-in-picture; web-share\" referrerpolicy=\"strict-origin-when-cross-origin\" allowfullscreen><\/iframe><\/div>\n\t\t<\/div>\n\t<\/div>\n<\/div><\/div><\/div><\/div><\/div><div      class=\"vc_row wpb_row section vc_row-fluid \" style=' text-align:left;'><div class=\" full_section_inner clearfix\"><div class=\"wpb_column vc_column_container vc_col-sm-12\"><div class=\"vc_column-inner\"><div class=\"wpb_wrapper\"><div class=\"vc_empty_space\"  style=\"height: 100px\" >\n\t<span class=\"vc_empty_space_inner\">\n\t\t<span class=\"empty_space_image\"  ><\/span>\n\t<\/span>\n<\/div><div class='qode_image_gallery_no_space dark'>\n            <div class='qode_image_gallery_holder' style='height: 400px;'>\n                <ul ><li >\n                    <div style=\"height: 400px; width:600px;\"><img decoding=\"async\" itemprop=\"image\" src=\"https:\/\/amirnasr.info\/wp-content\/uploads\/2020\/08\/11062017_005-scaled.jpg\" alt=\"\" \/><\/div><\/li><\/ul>\n          <\/div>\n          <div class='controls'>\n              <a class='prev-slide' href='#'><span><i class='fa fa-angle-left'><\/i><\/span><\/a>\n              <a class='next-slide' href='#'><span><i class='fa fa-angle-right'><\/i><\/span><\/a>\n          <\/div>\n      <\/div><\/div><\/div><\/div><\/div><\/div><\/div>","protected":false},"excerpt":{"rendered":"\u00a0 Gitarre im Trio\/Quartett &nbsp; Unser Trio aus Gitarre, Saxophon und Gesang ist unser Bestseller und wir erf\u00fcllen jeden Wunsch mithilfe unseres gro\u00dfen Repertoires aus den Bereichen Pop, Jazz und Soul. Durch mein gro\u00dfes Netzwerk an Berufsmusiker:innen sind viele Formationen m\u00f6glich, am besten einfach das...","protected":false},"author":5,"featured_media":0,"parent":0,"menu_order":0,"comment_status":"closed","ping_status":"closed","template":"","meta":{"footnotes":""},"class_list":["post-1170","page","type-page","status-publish","hentry"],"yoast_head":"<!-- This site is optimized with the Yoast SEO plugin v27.4 - https:\/\/yoast.com\/product\/yoast-seo-wordpress\/ -->\n<title>Trio\/Quartett - Amir Nasr<\/title>\n<meta name=\"robots\" content=\"index, follow, max-snippet:-1, max-image-preview:large, max-video-preview:-1\" \/>\n<link rel=\"canonical\" href=\"https:\/\/amirnasr.info\/de_de\/trio\/\" \/>\n<meta property=\"og:locale\" content=\"de_DE\" \/>\n<meta property=\"og:type\" content=\"article\" \/>\n<meta property=\"og:title\" content=\"Trio\/Quartett - Amir Nasr\" \/>\n<meta property=\"og:url\" content=\"https:\/\/amirnasr.info\/de_de\/trio\/\" \/>\n<meta property=\"og:site_name\" content=\"Amir Nasr\" \/>\n<meta property=\"article:modified_time\" content=\"2025-03-10T20:43:48+00:00\" \/>\n<meta name=\"twitter:card\" content=\"summary_large_image\" \/>\n<meta name=\"twitter:label1\" content=\"Est. reading time\" \/>\n\t<meta name=\"twitter:data1\" content=\"1 minute\" \/>\n<script type=\"application\/ld+json\" class=\"yoast-schema-graph\">{\"@context\":\"https:\\\/\\\/schema.org\",\"@graph\":[{\"@type\":\"WebPage\",\"@id\":\"https:\\\/\\\/amirnasr.info\\\/de_de\\\/trio\\\/\",\"url\":\"https:\\\/\\\/amirnasr.info\\\/de_de\\\/trio\\\/\",\"name\":\"Trio\\\/Quartett - Amir Nasr\",\"isPartOf\":{\"@id\":\"https:\\\/\\\/amirnasr.info\\\/de_de\\\/#website\"},\"datePublished\":\"2020-08-29T12:43:22+00:00\",\"dateModified\":\"2025-03-10T20:43:48+00:00\",\"breadcrumb\":{\"@id\":\"https:\\\/\\\/amirnasr.info\\\/de_de\\\/trio\\\/#breadcrumb\"},\"inLanguage\":\"de-DE\",\"potentialAction\":[{\"@type\":\"ReadAction\",\"target\":[\"https:\\\/\\\/amirnasr.info\\\/de_de\\\/trio\\\/\"]}]},{\"@type\":\"BreadcrumbList\",\"@id\":\"https:\\\/\\\/amirnasr.info\\\/de_de\\\/trio\\\/#breadcrumb\",\"itemListElement\":[{\"@type\":\"ListItem\",\"position\":1,\"name\":\"Startseite\",\"item\":\"https:\\\/\\\/amirnasr.info\\\/\"},{\"@type\":\"ListItem\",\"position\":2,\"name\":\"Trio\\\/Quartett\"}]},{\"@type\":\"WebSite\",\"@id\":\"https:\\\/\\\/amirnasr.info\\\/de_de\\\/#website\",\"url\":\"https:\\\/\\\/amirnasr.info\\\/de_de\\\/\",\"name\":\"Amir Nasr\",\"description\":\"GITARRE, BARITON, KOMPOSITION, ARRANGEMENTS, FILM &amp; THEATERMUSIK\",\"publisher\":{\"@id\":\"https:\\\/\\\/amirnasr.info\\\/de_de\\\/#organization\"},\"potentialAction\":[{\"@type\":\"SearchAction\",\"target\":{\"@type\":\"EntryPoint\",\"urlTemplate\":\"https:\\\/\\\/amirnasr.info\\\/de_de\\\/?s={search_term_string}\"},\"query-input\":{\"@type\":\"PropertyValueSpecification\",\"valueRequired\":true,\"valueName\":\"search_term_string\"}}],\"inLanguage\":\"de-DE\"},{\"@type\":\"Organization\",\"@id\":\"https:\\\/\\\/amirnasr.info\\\/de_de\\\/#organization\",\"name\":\"Amir Nasr\",\"url\":\"https:\\\/\\\/amirnasr.info\\\/de_de\\\/\",\"logo\":{\"@type\":\"ImageObject\",\"inLanguage\":\"de-DE\",\"@id\":\"https:\\\/\\\/amirnasr.info\\\/de_de\\\/#\\\/schema\\\/logo\\\/image\\\/\",\"url\":\"https:\\\/\\\/i0.wp.com\\\/www.amirnasr.info\\\/wp-content\\\/uploads\\\/2020\\\/07\\\/Screenshot-at-Jul-23-13-39-40.png?fit=250%2C250&ssl=1\",\"contentUrl\":\"https:\\\/\\\/i0.wp.com\\\/www.amirnasr.info\\\/wp-content\\\/uploads\\\/2020\\\/07\\\/Screenshot-at-Jul-23-13-39-40.png?fit=250%2C250&ssl=1\",\"width\":250,\"height\":250,\"caption\":\"Amir Nasr\"},\"image\":{\"@id\":\"https:\\\/\\\/amirnasr.info\\\/de_de\\\/#\\\/schema\\\/logo\\\/image\\\/\"}}]}<\/script>\n<!-- \/ Yoast SEO plugin. -->","yoast_head_json":{"title":"Trio\/Quartett - Amir Nasr","robots":{"index":"index","follow":"follow","max-snippet":"max-snippet:-1","max-image-preview":"max-image-preview:large","max-video-preview":"max-video-preview:-1"},"canonical":"https:\/\/amirnasr.info\/de_de\/trio\/","og_locale":"de_DE","og_type":"article","og_title":"Trio\/Quartett - Amir Nasr","og_url":"https:\/\/amirnasr.info\/de_de\/trio\/","og_site_name":"Amir Nasr","article_modified_time":"2025-03-10T20:43:48+00:00","twitter_card":"summary_large_image","twitter_misc":{"Est. reading time":"1 minute"},"schema":{"@context":"https:\/\/schema.org","@graph":[{"@type":"WebPage","@id":"https:\/\/amirnasr.info\/de_de\/trio\/","url":"https:\/\/amirnasr.info\/de_de\/trio\/","name":"Trio\/Quartett - Amir Nasr","isPartOf":{"@id":"https:\/\/amirnasr.info\/de_de\/#website"},"datePublished":"2020-08-29T12:43:22+00:00","dateModified":"2025-03-10T20:43:48+00:00","breadcrumb":{"@id":"https:\/\/amirnasr.info\/de_de\/trio\/#breadcrumb"},"inLanguage":"de-DE","potentialAction":[{"@type":"ReadAction","target":["https:\/\/amirnasr.info\/de_de\/trio\/"]}]},{"@type":"BreadcrumbList","@id":"https:\/\/amirnasr.info\/de_de\/trio\/#breadcrumb","itemListElement":[{"@type":"ListItem","position":1,"name":"Startseite","item":"https:\/\/amirnasr.info\/"},{"@type":"ListItem","position":2,"name":"Trio\/Quartett"}]},{"@type":"WebSite","@id":"https:\/\/amirnasr.info\/de_de\/#website","url":"https:\/\/amirnasr.info\/de_de\/","name":"Amir Nasr","description":"GITARRE, BARITON, KOMPOSITION, ARRANGEMENTS, FILM &amp; THEATERMUSIK","publisher":{"@id":"https:\/\/amirnasr.info\/de_de\/#organization"},"potentialAction":[{"@type":"SearchAction","target":{"@type":"EntryPoint","urlTemplate":"https:\/\/amirnasr.info\/de_de\/?s={search_term_string}"},"query-input":{"@type":"PropertyValueSpecification","valueRequired":true,"valueName":"search_term_string"}}],"inLanguage":"de-DE"},{"@type":"Organization","@id":"https:\/\/amirnasr.info\/de_de\/#organization","name":"Amir Nasr","url":"https:\/\/amirnasr.info\/de_de\/","logo":{"@type":"ImageObject","inLanguage":"de-DE","@id":"https:\/\/amirnasr.info\/de_de\/#\/schema\/logo\/image\/","url":"https:\/\/i0.wp.com\/www.amirnasr.info\/wp-content\/uploads\/2020\/07\/Screenshot-at-Jul-23-13-39-40.png?fit=250%2C250&ssl=1","contentUrl":"https:\/\/i0.wp.com\/www.amirnasr.info\/wp-content\/uploads\/2020\/07\/Screenshot-at-Jul-23-13-39-40.png?fit=250%2C250&ssl=1","width":250,"height":250,"caption":"Amir Nasr"},"image":{"@id":"https:\/\/amirnasr.info\/de_de\/#\/schema\/logo\/image\/"}}]}},"_links":{"self":[{"href":"https:\/\/amirnasr.info\/de_de\/wp-json\/wp\/v2\/pages\/1170","targetHints":{"allow":["GET"]}}],"collection":[{"href":"https:\/\/amirnasr.info\/de_de\/wp-json\/wp\/v2\/pages"}],"about":[{"href":"https:\/\/amirnasr.info\/de_de\/wp-json\/wp\/v2\/types\/page"}],"author":[{"embeddable":true,"href":"https:\/\/amirnasr.info\/de_de\/wp-json\/wp\/v2\/users\/5"}],"replies":[{"embeddable":true,"href":"https:\/\/amirnasr.info\/de_de\/wp-json\/wp\/v2\/comments?post=1170"}],"version-history":[{"count":12,"href":"https:\/\/amirnasr.info\/de_de\/wp-json\/wp\/v2\/pages\/1170\/revisions"}],"predecessor-version":[{"id":1864,"href":"https:\/\/amirnasr.info\/de_de\/wp-json\/wp\/v2\/pages\/1170\/revisions\/1864"}],"wp:attachment":[{"href":"https:\/\/amirnasr.info\/de_de\/wp-json\/wp\/v2\/media?parent=1170"}],"curies":[{"name":"wp","href":"https:\/\/api.w.org\/{rel}","templated":true}]}}